{"id":2840,"date":"2023-02-21T10:24:24","date_gmt":"2023-02-21T10:24:24","guid":{"rendered":"http:\/\/www.bresserslaw.com\/sitemap\/"},"modified":"2023-02-21T10:31:31","modified_gmt":"2023-02-21T10:31:31","slug":"sitemap","status":"publish","type":"page","link":"https:\/\/www.bresserslaw.com\/nl\/sitemap\/","title":{"rendered":"SItemap"},"content":{"rendered":"<div class=\"wsp-container\"><h2 class=\"wsp-pages-title\">Pagina&#039;s<\/h2>\n<ul class=\"wsp-pages-list\">\n<li class=\"page_item page-item-1889 current_page_parent\"><a href=\"https:\/\/www.bresserslaw.com\/nl\/blog\/\">Blog<\/a><\/li>\n<li class=\"page_item page-item-2259\"><a href=\"https:\/\/www.bresserslaw.com\/nl\/contact\/\">Contact<\/a><\/li>\n<li class=\"page_item page-item-2669\"><a href=\"https:\/\/www.bresserslaw.com\/nl\/cookies-beleid\/\">Cookies Beleid<\/a><\/li>\n<li class=\"page_item page-item-2215 page_item_has_children\"><a href=\"https:\/\/www.bresserslaw.com\/nl\/desk\/\">DESK<\/a>\n<ul class='children'>\n\t<li class=\"page_item page-item-2247\"><a href=\"https:\/\/www.bresserslaw.com\/nl\/desk\/nederlandse-advocaat-in-spanje\/\">Dutch Desk<\/a><\/li>\n\t<li class=\"page_item page-item-2627\"><a href=\"https:\/\/www.bresserslaw.com\/nl\/desk\/french-desk\/\">French Desk<\/a><\/li>\n<\/ul>\n<\/li>\n<li class=\"page_item page-item-2649\"><a href=\"https:\/\/www.bresserslaw.com\/nl\/disclaimer\/\">Disclaimer<\/a><\/li>\n<li class=\"page_item page-item-2224\"><a href=\"https:\/\/www.bresserslaw.com\/nl\/het-kantoor\/\">Het Kantoor<\/a><\/li>\n<li class=\"page_item page-item-1867\"><a href=\"https:\/\/www.bresserslaw.com\/nl\/\">Home<\/a><\/li>\n<li class=\"page_item page-item-2816\"><a href=\"https:\/\/www.bresserslaw.com\/nl\/meningen\/\">Meningen van onze klanten<\/a><\/li>\n<li class=\"page_item page-item-2226\"><a href=\"https:\/\/www.bresserslaw.com\/nl\/persruimte-page\/\">Persruimte<\/a><\/li>\n<li class=\"page_item page-item-2658\"><a href=\"https:\/\/www.bresserslaw.com\/nl\/privacybeleid\/\">Privacybeleid<\/a><\/li>\n<li class=\"page_item page-item-1810 page_item_has_children\"><a href=\"https:\/\/www.bresserslaw.com\/nl\/rechtsgebieden\/\">Rechtsgebieden<\/a>\n<ul class='children'>\n\t<li class=\"page_item page-item-2486\"><a href=\"https:\/\/www.bresserslaw.com\/nl\/rechtsgebieden\/internationaal-privaatrecht\/\">Internationaal Privaatrecht<\/a><\/li>\n\t<li class=\"page_item page-item-2514\"><a href=\"https:\/\/www.bresserslaw.com\/nl\/rechtsgebieden\/intellectuele-eigendom\/\">Intellectuele Eigendom<\/a><\/li>\n\t<li class=\"page_item page-item-2492\"><a href=\"https:\/\/www.bresserslaw.com\/nl\/rechtsgebieden\/ondernemings-en-vennootschapsrecht\/\">Ondernemings- en Vennootschapsrecht<\/a><\/li>\n\t<li class=\"page_item page-item-2612\"><a href=\"https:\/\/www.bresserslaw.com\/nl\/rechtsgebieden\/vreemdelingenrecht\/\">Vreemdelingenrecht<\/a><\/li>\n\t<li class=\"page_item page-item-2504\"><a href=\"https:\/\/www.bresserslaw.com\/nl\/rechtsgebieden\/procesrecht\/\">Procesrecht<\/a><\/li>\n\t<li class=\"page_item page-item-2571\"><a href=\"https:\/\/www.bresserslaw.com\/nl\/rechtsgebieden\/arbeidsrecht-en-sociale-zekerheid\/\">Arbeidsrecht en Sociale Zekerheid<\/a><\/li>\n\t<li class=\"page_item page-item-2521\"><a href=\"https:\/\/www.bresserslaw.com\/nl\/rechtsgebieden\/onroerend-goed\/\">Onroerend Goed<\/a><\/li>\n\t<li class=\"page_item page-item-2527\"><a href=\"https:\/\/www.bresserslaw.com\/nl\/rechtsgebieden\/familierecht\/\">Familierecht<\/a><\/li>\n\t<li class=\"page_item page-item-2479\"><a href=\"https:\/\/www.bresserslaw.com\/nl\/rechtsgebieden\/fiscaal-recht\/\">Fiscaal Recht<\/a><\/li>\n\t<li class=\"page_item page-item-2473\"><a href=\"https:\/\/www.bresserslaw.com\/nl\/rechtsgebieden\/bestuursrecht\/\">bestuursrecht<\/a><\/li>\n\t<li class=\"page_item page-item-2498\"><a href=\"https:\/\/www.bresserslaw.com\/nl\/rechtsgebieden\/strafrecht\/\">Strafrecht<\/a><\/li>\n<\/ul>\n<\/li>\n<li class=\"page_item page-item-2840\"><a href=\"https:\/\/www.bresserslaw.com\/nl\/sitemap\/\">SItemap<\/a><\/li>\n<li class=\"page_item page-item-2239\"><a href=\"https:\/\/www.bresserslaw.com\/nl\/team\/\">Team<\/a><\/li>\n<li class=\"page_item page-item-802\"><a href=\"https:\/\/www.bresserslaw.com\/nl\/verordening-op-de-advocatuur\/\">Verordening op de advocatuur<\/a><\/li>\n<li class=\"page_item page-item-2639\"><a href=\"https:\/\/www.bresserslaw.com\/nl\/werken-bij\/\">Werken Bij Bressers Law<\/a><\/li>\n<\/ul>\n<h2 class=\"wsp-posts-title\">Berichten per categorie<\/h2>\n<ul class=\"wsp-posts-list\">\n\t<li><strong class=\"wsp-category-title\">Categorie: <a href=\"https:\/\/www.bresserslaw.com\/nl\/categorien\/advocaten-nieuws\/\">Advocaten nieuws<\/a><\/strong>\n<ul class=\"wsp-posts-list\">\t\t<li class=\"wsp-post\"><a href=\"https:\/\/www.bresserslaw.com\/nl\/erfrechtverordening-in-aantocht\/\">Erfrechtverordening In Aantocht!<\/a><\/li>\n<\/ul><\/li>\n\t<li><strong class=\"wsp-category-title\">Categorie: <a href=\"https:\/\/www.bresserslaw.com\/nl\/categorien\/bedrijf\/\">Bedrijf<\/a><\/strong>\n<ul class=\"wsp-posts-list\">\t\t<li class=\"wsp-post\"><a href=\"https:\/\/www.bresserslaw.com\/nl\/piraterij-en-de-strijd-om-auteursrechten\/\">Piraterij en de strijd om auteursrechten<\/a><\/li>\n<\/ul><\/li>\n\t<li><strong class=\"wsp-category-title\">Categorie: <a href=\"https:\/\/www.bresserslaw.com\/nl\/categorien\/ondernemen\/\">Ondernemen<\/a><\/strong>\n<ul class=\"wsp-posts-list\">\t\t<li class=\"wsp-post\"><a href=\"https:\/\/www.bresserslaw.com\/nl\/hof-eu-niet-zonder-meer-uitlevering-naar-andere-lidstaat-bij-vrees-voor-onmenselijke-behandeling\/\">Hof Eu: Niet Zonder Meer Uitlevering Naar Andere Lidstaat Bij Vrees Voor Onmenselijke Behandeling<\/a><\/li>\n<\/ul><\/li>\n\t<li><strong class=\"wsp-category-title\">Categorie: <a href=\"https:\/\/www.bresserslaw.com\/nl\/categorien\/geen-onderdeel-van-een-categorie\/\">Ongecategoriseerd<\/a><\/strong>\n<ul class=\"wsp-posts-list\">\t\t<li class=\"wsp-post\"><a href=\"https:\/\/www.bresserslaw.com\/bressers-law-opina-para-el-mundo-sobre-como-el-proces-afecta-al-mercado-inmobiliario-en-cataluna\/\">Bressers Law opina para El Mundo sobre c\u00f3mo el \u2018proc\u00e9s\u2019 afecta al mercado inmobiliario en Catalu\u00f1a<\/a><\/li>\n\t\t<li class=\"wsp-post\"><a href=\"https:\/\/www.bresserslaw.com\/nl\/nederland-grootste-buitenlandse-investeerder-in-spanje-eerste-kwartaal-2016\/\">Nederland Grootste Buitenlandse Investeerder In Spanje Eerste Kwartaal 2016<\/a><\/li>\n\t\t<li class=\"wsp-post\"><a href=\"https:\/\/www.bresserslaw.com\/nl\/de-spaanse-belasting-op-winst-bij-verkoop-onroerend-goed-hoe-zat-het-ook-al-weer\/\">De Spaanse Belasting Op Winst Bij Verkoop Onroerend Goed: Hoe Zat Het Ook Al Weer?<\/a><\/li>\n\t\t<li class=\"wsp-post\"><a href=\"https:\/\/www.bresserslaw.com\/nl\/invordering-van-belastingschulden-buiten-spanje\/\">Invordering Van Belastingschulden Buiten Spanje<\/a><\/li>\n\t\t<li class=\"wsp-post\"><a href=\"https:\/\/www.bresserslaw.com\/nl\/hof-van-justitie-geeft-ruime-uitleg-klantenvergoeding-bij-einde-agentuur\/\">Hof Van Justitie Geeft Ruime Uitleg Klantenvergoeding Bij Einde Agentuur<\/a><\/li>\n\t\t<li class=\"wsp-post\"><a href=\"https:\/\/www.bresserslaw.com\/nl\/meerdere-gedaagden-in-de-europese-unie-waar-kan-ik-procederen\/\">Meerdere Gedaagden In De Europese Unie: Waar Kan Ik Procederen?<\/a><\/li>\n\t\t<li class=\"wsp-post\"><a href=\"https:\/\/www.bresserslaw.com\/nl\/nederland-vraagt-de-europese-rechter-relatief-vaak-om-uitleg\/\">Nederland Vraagt De Europese Rechter Relatief Vaak Om Uitleg<\/a><\/li>\n\t\t<li class=\"wsp-post\"><a href=\"https:\/\/www.bresserslaw.com\/nl\/spaans-om-onderzoekt-wangedrag-psv-supporters\/\">Spaans Om Onderzoekt Wangedrag Psv Supporters<\/a><\/li>\n\t\t<li class=\"wsp-post\"><a href=\"https:\/\/www.bresserslaw.com\/nl\/catalunya-banc-veroordeeld-tot-schadevergoeding-wegens-omstreden-preferente-aandelen\/\">Catalunya Banc Veroordeeld Tot Schadevergoeding Wegens Omstreden Preferente Aandelen<\/a><\/li>\n\t\t<li class=\"wsp-post\"><a href=\"https:\/\/www.bresserslaw.com\/nl\/doek-valt-voor-omstreden-megahotel-aan-zuid-spaanse-kust\/\">Doek Valt Voor Omstreden Megahotel Aan Zuid-Spaanse Kust<\/a><\/li>\n\t\t<li class=\"wsp-post\"><a href=\"https:\/\/www.bresserslaw.com\/nl\/procederen-tegen-de-europese-unie-bezint-eer-ge-begint\/\">Procederen Tegen De Europese Unie: Bezint Eer Ge Begint<\/a><\/li>\n\t\t<li class=\"wsp-post\"><a href=\"https:\/\/www.bresserslaw.com\/nl\/europese-commissie-constateert-de-zoveelste-spaanse-discriminerende-fiscale-regeling\/\">Europese Commissie Constateert De Zoveelste Spaanse Discriminerende Fiscale Regeling<\/a><\/li>\n\t\t<li class=\"wsp-post\"><a href=\"https:\/\/www.bresserslaw.com\/nl\/spaanse-banksector-wacht-met-spanning-op-europese-uitspraak-inzake-bodemrentes\/\">Spaanse Banksector Wacht Met Spanning Op Europese Uitspraak Inzake Bodemrentes<\/a><\/li>\n\t\t<li class=\"wsp-post\"><a href=\"https:\/\/www.bresserslaw.com\/nl\/bankia-haalt-bakzeil-bij-tribunal-supremo\/\">Bankia Haalt Bakzeil Bij Tribunal Supremo<\/a><\/li>\n\t\t<li class=\"wsp-post\"><a href=\"https:\/\/www.bresserslaw.com\/nl\/javier-mascherano-schikt-met-spaanse-fiscus-en-om\/\">Javier Mascherano Schikt Met Spaanse Fiscus En Om<\/a><\/li>\n\t\t<li class=\"wsp-post\"><a href=\"https:\/\/www.bresserslaw.com\/nl\/nederland-overweegt-oprichting-internationale-engelstalige-rechtbank\/\">Nederland Overweegt Oprichting Internationale Engelstalige Rechtbank<\/a><\/li>\n\t\t<li class=\"wsp-post\"><a href=\"https:\/\/www.bresserslaw.com\/nl\/haags-forumkeuzeverdrag-in-werking-getreden\/\">Haags Forumkeuzeverdrag In Werking Getreden<\/a><\/li>\n\t\t<li class=\"wsp-post\"><a href=\"https:\/\/www.bresserslaw.com\/nl\/opnieuw-spaanse-fiscale-regel-onder-brussels-vuur\/\">Opnieuw Spaanse Fiscale Regel Onder Brussels Vuur<\/a><\/li>\n\t\t<li class=\"wsp-post\"><a href=\"https:\/\/www.bresserslaw.com\/nl\/spanje-verkort-civiele-verjaringstermijn\/\">Spanje Verkort Civiele Verjaringstermijn<\/a><\/li>\n\t\t<li class=\"wsp-post\"><a href=\"https:\/\/www.bresserslaw.com\/nl\/catalaanse-onafhankelijkheidsverklaring-voorlopig-buiten-werking-gesteld\/\">Catalaanse Onafhankelijkheidsverklaring Voorlopig Buiten Werking Gesteld<\/a><\/li>\n\t\t<li class=\"wsp-post\"><a href=\"https:\/\/www.bresserslaw.com\/nl\/hoge-spaanse-overdrachtsbelasting-zijn-er-uitzonderingen\/\">Hoge Spaanse Overdrachtsbelasting: Zijn Er Uitzonderingen<\/a><\/li>\n\t\t<li class=\"wsp-post\"><a href=\"https:\/\/www.bresserslaw.com\/nl\/uitwisseling-tax-rulings-tussen-eu-lidstaten\/\">Uitwisseling Tax-Rulings Tussen Eu-Lidstaten<\/a><\/li>\n\t\t<li class=\"wsp-post\"><a href=\"https:\/\/www.bresserslaw.com\/nl\/hof-eu-reizen-naar-opdracht-is-werktijd\/\">Hof Eu: Reizen Naar Opdracht Is Werktijd<\/a><\/li>\n\t\t<li class=\"wsp-post\"><a href=\"https:\/\/www.bresserslaw.com\/nl\/hoop-real-madrid-in-bekerflater-nog-niet-vervlogen\/\">Hoop Real Madrid In Bekerflater Nog Niet Vervlogen<\/a><\/li>\n\t\t<li class=\"wsp-post\"><a href=\"https:\/\/www.bresserslaw.com\/nl\/artus-mas-op-de-strafbank\/\">Artus Mas Op De Strafbank<\/a><\/li>\n\t\t<li class=\"wsp-post\"><a href=\"https:\/\/www.bresserslaw.com\/nl\/website-gelanceerd-over-aankoop-van-huizen-in-eu-lidstaten\/\">Website Gelanceerd Over Aankoop Van Huizen In Eu-Lidstaten<\/a><\/li>\n\t\t<li class=\"wsp-post\"><a href=\"https:\/\/www.bresserslaw.com\/nl\/hof-eu-rechters-vrij-om-uit-te-gaan-van-eigen-acte-clair\/\">Hof Eu: Rechters Vrij Om Uit Te Gaan Van Eigen \u00b4Acte Clair\u00b4<\/a><\/li>\n\t\t<li class=\"wsp-post\"><a href=\"https:\/\/www.bresserslaw.com\/nl\/hof-eu-btw-fraude\/\">Hof Eu Btw Fraude<\/a><\/li>\n\t\t<li class=\"wsp-post\"><a href=\"https:\/\/www.bresserslaw.com\/nl\/spaanse-hoge-raad-erkent-crisis-als-reden-voor-wijziging-van-gemaakte-afspraken\/\">Spaanse Hoge Raad Erkent Crisis Als Reden Voor Wijziging Van Gemaakte Afspraken<\/a><\/li>\n\t\t<li class=\"wsp-post\"><a href=\"https:\/\/www.bresserslaw.com\/nl\/koning-juan-carlos-hoeft-geen-dna-af-te-staan\/\">Koning Juan Carlos Hoeft Geen Dna Af Te Staan<\/a><\/li>\n<\/ul><\/li>\n\t<li><strong class=\"wsp-category-title\">Categorie: <a href=\"https:\/\/www.bresserslaw.com\/nl\/categorien\/vastgoedrecht\/\">Vastgoedrecht<\/a><\/strong>\n<ul class=\"wsp-posts-list\">\t\t<li class=\"wsp-post\"><a href=\"https:\/\/www.bresserslaw.com\/nl\/hoe-is-shortstay-vakantieverhuur-in-catalonie-geregeld\/\">Hoe is shortstay vakantieverhuur in Cataloni\u00eb geregeld?<\/a><\/li>\n\t\t<li class=\"wsp-post\"><a href=\"https:\/\/www.bresserslaw.com\/nl\/rechtsonzekerheid-na-uitspraak-spaans-constitutioneel-hof-over-gemeentelijke-plusvalia\/\">Rechtsonzekerheid na uitspraak Spaans Constitutioneel Hof over gemeentelijke Plusval\u00eda<\/a><\/li>\n<\/ul><\/li>\n<\/ul>\n<h2 class=\"wsp-equipos-title\">Team<\/h2>\n<ul class=\"wsp-equipos-list\">\n<li><a href=\"https:\/\/www.bresserslaw.com\/nl\/team\/ana-maria-perez-gomez\/\">Ana Mar\u00eda P\u00e9rez G\u00f3mez<\/a><\/li>\n<li><a href=\"https:\/\/www.bresserslaw.com\/nl\/team\/ainhoa-ros-palacios\/\">Ainhoa Ros Palacios<\/a><\/li>\n<li><a href=\"https:\/\/www.bresserslaw.com\/nl\/team\/federica-salatino\/\">Federica Salatino<\/a><\/li>\n<li><a href=\"https:\/\/www.bresserslaw.com\/nl\/team\/javier-aguilar-ara\/\">Javier Aguilar Ara<\/a><\/li>\n<li><a href=\"https:\/\/www.bresserslaw.com\/nl\/team\/cristina-aguilar-lopez\/\">Cristina Aguilar L\u00f3pez<\/a><\/li>\n<li><a href=\"https:\/\/www.bresserslaw.com\/nl\/team\/fahd-feddali\/\">Fahd Feddali<\/a><\/li>\n<li><a href=\"https:\/\/www.bresserslaw.com\/nl\/team\/rosa-van-der-lee\/\">Rosa Van der Lee<\/a><\/li>\n<li><a href=\"https:\/\/www.bresserslaw.com\/nl\/team\/anne-laure-chamouleau\/\">Anne-Laure Chamouleau<\/a><\/li>\n<li><a href=\"https:\/\/www.bresserslaw.com\/nl\/team\/laura-crespo-lorenzo\/\">Laura Crespo Lorenzo<\/a><\/li>\n<li><a href=\"https:\/\/www.bresserslaw.com\/nl\/team\/martijn-bressers\/\">Martijn Bressers<\/a><\/li>\n<\/ul>\n<h2 class=\"wsp-keybenefitss-title\">KeyBenefits<\/h2>\n<ul class=\"wsp-keybenefitss-list\">\n<li><a href=\"https:\/\/www.bresserslaw.com\/nl\/keybenefits\/meer-dan-300-internationale-clienten-per-jaar\/\">Meer dan 300 internationale cli\u00ebnten per jaar<\/a><\/li>\n<li><a href=\"https:\/\/www.bresserslaw.com\/nl\/keybenefits\/internationaal-advocatenkantoor-met-meer-dan-10-jaar-ervaring\/\">Internationaal advocatenkantoor met meer dan 20 jaar ervaring<\/a><\/li>\n<li><a href=\"https:\/\/www.bresserslaw.com\/nl\/keybenefits\/native-speakers\/\">Native speakers<\/a><\/li>\n<li><a href=\"https:\/\/www.bresserslaw.com\/nl\/keybenefits\/solide-en-multidisciplinaire-organisatie\/\">Solide en multidisciplinaire organisatie<\/a><\/li>\n<\/ul>\n<h2 class=\"wsp-medios_de_comunicacis-title\">Medios de comunicaci\u00f3n<\/h2>\n<ul class=\"wsp-medios_de_comunicacis-list\">\n<li><a href=\"https:\/\/www.bresserslaw.com\/nl\/medios_de_comunicaci\/el-mundo-2\/\">El Mundo<\/a><\/li>\n<li><a href=\"https:\/\/www.bresserslaw.com\/nl\/medios_de_comunicaci\/el-mundo\/\">El Mundo<\/a><\/li>\n<li><a href=\"https:\/\/www.bresserslaw.com\/nl\/medios_de_comunicaci\/voetbal-international\/\">Voetbal International<\/a><\/li>\n<li><a href=\"https:\/\/www.bresserslaw.com\/nl\/medios_de_comunicaci\/trema\/\">Trema<\/a><\/li>\n<li><a href=\"https:\/\/www.bresserslaw.com\/nl\/medios_de_comunicaci\/spits\/\">Spits!<\/a><\/li>\n<li><a href=\"https:\/\/www.bresserslaw.com\/nl\/medios_de_comunicaci\/nrc-handelsblad\/\">NRC Handelsblad<\/a><\/li>\n<li><a href=\"https:\/\/www.bresserslaw.com\/nl\/medios_de_comunicaci\/notarius\/\">Notarius<\/a><\/li>\n<li><a href=\"https:\/\/www.bresserslaw.com\/nl\/medios_de_comunicaci\/mondi\/\">Mondi<\/a><\/li>\n<li><a href=\"https:\/\/www.bresserslaw.com\/nl\/medios_de_comunicaci\/juridisch-up-to-date\/\">Juridisch Up To Date<\/a><\/li>\n<li><a href=\"https:\/\/www.bresserslaw.com\/nl\/medios_de_comunicaci\/het-financieele-dagblad\/\">Het Financieele Dagblad<\/a><\/li>\n<li><a href=\"https:\/\/www.bresserslaw.com\/nl\/medios_de_comunicaci\/fenedexpress\/\">Fenedexpress<\/a><\/li>\n<li><a href=\"https:\/\/www.bresserslaw.com\/nl\/medios_de_comunicaci\/de-week\/\">De Week<\/a><\/li>\n<li><a href=\"https:\/\/www.bresserslaw.com\/nl\/medios_de_comunicaci\/de-telegraaf\/\">De Telegraaf<\/a><\/li>\n<li><a href=\"https:\/\/www.bresserslaw.com\/nl\/medios_de_comunicaci\/uitgeverij-gopher\/\">Uitgeverij Gopher<\/a><\/li>\n<li><a href=\"https:\/\/www.bresserslaw.com\/nl\/medios_de_comunicaci\/advocatenblad\/\">Advocatenblad<\/a><\/li>\n<li><a href=\"https:\/\/www.bresserslaw.com\/nl\/medios_de_comunicaci\/otro\/\">Otro<\/a><\/li>\n<li><a href=\"https:\/\/www.bresserslaw.com\/nl\/medios_de_comunicaci\/bbc\/\">BBC<\/a><\/li>\n<\/ul>\n<h2 class=\"wsp-publicacioness-title\">Persruimte<\/h2>\n<ul class=\"wsp-publicacioness-list\">\n<li><a href=\"https:\/\/www.bresserslaw.com\/nl\/persruimte\/martijn-bressers-interviewed-on-barcelona-city-fm\/\">Martijn Bressers interviewed on Barcelona City FM<\/a><\/li>\n<li><a href=\"https:\/\/www.bresserslaw.com\/nl\/persruimte\/jail-sentence-for-barcelona-star\/\">Jail sentence for Barcelona star<\/a><\/li>\n<li><a href=\"https:\/\/www.bresserslaw.com\/nl\/persruimte\/spanje-kent-geen-deurwaarders\/\">Spanje kent geen deurwaarders<\/a><\/li>\n<li><a href=\"https:\/\/www.bresserslaw.com\/nl\/persruimte\/met-het-voetbal-zelf-is-niets-mis\/\">Met het voetbal zelf is niets mis<\/a><\/li>\n<li><a href=\"https:\/\/www.bresserslaw.com\/nl\/persruimte\/spanje-pakt-achterstanden-op-rechtbanken-aan\/\">Spanje pakt achterstanden op rechtbanken aan<\/a><\/li>\n<li><a href=\"https:\/\/www.bresserslaw.com\/nl\/persruimte\/spanje-weet-huizencrisis-nog-niet-te-bezweren\/\">Spanje weet huizencrisis nog niet te bezweren<\/a><\/li>\n<li><a href=\"https:\/\/www.bresserslaw.com\/nl\/persruimte\/spaanse-inkeerregeling\/\">Spaanse inkeerregeling<\/a><\/li>\n<li><a href=\"https:\/\/www.bresserslaw.com\/nl\/persruimte\/spaans-verbod-op-grote-cashbetalingen\/\">Spaans verbod op grote cashbetalingen<\/a><\/li>\n<li><a href=\"https:\/\/www.bresserslaw.com\/nl\/persruimte\/spaans-erfrecht-let-op-de-belangen-van-uw-echtgenoot\/\">Spaans erfrecht: let op de belangen van uw echtgenoot<\/a><\/li>\n<li><a href=\"https:\/\/www.bresserslaw.com\/nl\/persruimte\/financiele-afwikkeling-aankoop-woning-spanje\/\">Financi\u00eble afwikkeling aankoop woning Spanje<\/a><\/li>\n<li><a href=\"https:\/\/www.bresserslaw.com\/nl\/persruimte\/hof-in-spanje-legt-bom-onder-huizenmarkt\/\">Hof in Spanje legt bom onder huizenmarkt<\/a><\/li>\n<li><a href=\"https:\/\/www.bresserslaw.com\/nl\/persruimte\/hoop-voor-spaanse-huizenbezitters-met-hoge-hypotheekschuld\/\">Hoop voor Spaanse huizenbezitters met hoge hypotheekschuld?<\/a><\/li>\n<li><a href=\"https:\/\/www.bresserslaw.com\/nl\/persruimte\/wijziging-statutaire-zetel\/\">Wijziging statutaire zetel<\/a><\/li>\n<li><a href=\"https:\/\/www.bresserslaw.com\/nl\/persruimte\/de-zaak-tegen-balthazar-garzon\/\">De zaak tegen Balthazar Garz\u00f3n<\/a><\/li>\n<li><a href=\"https:\/\/www.bresserslaw.com\/nl\/persruimte\/spanje-voert-nieuwe-btw-tarieven-in\/\">Spanje voert nieuwe BTW-tarieven in<\/a><\/li>\n<li><a href=\"https:\/\/www.bresserslaw.com\/nl\/persruimte\/verbetering-incassoregeling-spanje\/\">Verbetering incassoregeling Spanje<\/a><\/li>\n<li><a href=\"https:\/\/www.bresserslaw.com\/nl\/persruimte\/aansprakelijkheid-van-de-bestuurder\/\">Aansprakelijkheid van de bestuurder<\/a><\/li>\n<li><a href=\"https:\/\/www.bresserslaw.com\/nl\/persruimte\/opleidingsvergoeding-jeugdige-profvoetballers-in-strijd-met-europees-recht\/\">Opleidingsvergoeding jeugdige profvoetballers in strijd met Europees Recht?<\/a><\/li>\n<li><a href=\"https:\/\/www.bresserslaw.com\/nl\/persruimte\/beslaglegging-in-spanje\/\">Beslaglegging in Spanje<\/a><\/li>\n<li><a href=\"https:\/\/www.bresserslaw.com\/nl\/persruimte\/veroordeling-in-conflict-spaanse-voetbalrechten\/\">Veroordeling in conflict Spaanse voetbalrechten<\/a><\/li>\n<li><a href=\"https:\/\/www.bresserslaw.com\/nl\/persruimte\/tips-voor-buitenlandse-notarissen-2\/\">Tips voor buitenlandse notarissen<\/a><\/li>\n<li><a href=\"https:\/\/www.bresserslaw.com\/nl\/persruimte\/tips-voor-buitenlandse-notarissen\/\">Tips voor buitenlandse notarissen<\/a><\/li>\n<li><a href=\"https:\/\/www.bresserslaw.com\/nl\/persruimte\/madrid-snijdt-in-fiscaal-voetbalparadijs\/\">Madrid snijdt in fiscaal voetbalparadijs<\/a><\/li>\n<li><a href=\"https:\/\/www.bresserslaw.com\/nl\/persruimte\/wanbetaler-zet-huis-op-naam-van-zijn-zoon\/\">Wanbetaler zet huis op naam van zijn zoon<\/a><\/li>\n<li><a href=\"https:\/\/www.bresserslaw.com\/nl\/persruimte\/eu-treedt-op-tegen-hoge-roamingtarieven\/\">EU treedt op tegen hoge roamingtarieven<\/a><\/li>\n<li><a href=\"https:\/\/www.bresserslaw.com\/nl\/persruimte\/einde-gibraltar-als-belastingparadijs-in-zicht\/\">Einde Gibraltar als belastingparadijs in zicht<\/a><\/li>\n<li><a href=\"https:\/\/www.bresserslaw.com\/nl\/persruimte\/nederlandse-fiscus-mag-pensionados-niet-belasten\/\">Nederlandse fiscus mag \"pensionados\" niet belasten<\/a><\/li>\n<li><a href=\"https:\/\/www.bresserslaw.com\/nl\/persruimte\/beeldrechten-in-de-sport\/\">Beeldrechten in de sport<\/a><\/li>\n<li><a href=\"https:\/\/www.bresserslaw.com\/nl\/persruimte\/honderden-gedupeerden-tribu\/\">Honderden gedupeerden Tribu<\/a><\/li>\n<li><a href=\"https:\/\/www.bresserslaw.com\/nl\/persruimte\/spaanse-voetbalrechten\/\">Spaanse voetbalrechten<\/a><\/li>\n<li><a href=\"https:\/\/www.bresserslaw.com\/nl\/persruimte\/spaanse-huizenmarkt-nekt-nederlanders\/\">Spaanse huizenmarkt nekt Nederlanders<\/a><\/li>\n<li><a href=\"https:\/\/www.bresserslaw.com\/nl\/persruimte\/jaren-wachten-op-een-uitspraak-van-de-rechter\/\">Jaren wachten op een uitspraak van de rechter<\/a><\/li>\n<li><a href=\"https:\/\/www.bresserslaw.com\/nl\/persruimte\/belastingvoordeel-voor-spaans-ingezetenen-i\/\">Belastingvoordeel voor Spaans ingezetenen (I)<\/a><\/li>\n<li><a href=\"https:\/\/www.bresserslaw.com\/nl\/persruimte\/belastingvoordeel-voor-spaans-ingezetenen-ii\/\">Belastingvoordeel voor Spaans ingezetenen (II)<\/a><\/li>\n<li><a href=\"https:\/\/www.bresserslaw.com\/nl\/persruimte\/spanje-schrapt-ouderlijke-draai-om-de-oren\/\">Spanje schrapt ouderlijke 'draai om de oren'<\/a><\/li>\n<li><a href=\"https:\/\/www.bresserslaw.com\/nl\/persruimte\/staking-rechtbankpersoneel\/\">Staking rechtbankpersoneel<\/a><\/li>\n<li><a href=\"https:\/\/www.bresserslaw.com\/nl\/persruimte\/internetgebruik-op-het-werk\/\">Internetgebruik op het werk<\/a><\/li>\n<\/ul>\n<h2 class=\"wsp-sitios_asociadoss-title\">Sitios Asociados<\/h2>\n<ul class=\"wsp-sitios_asociadoss-list\">\n<li><a href=\"https:\/\/www.bresserslaw.com\/nl\/sitios_asociados\/le-courrier-2\/\">Le Courrier<\/a><\/li>\n<li><a href=\"https:\/\/www.bresserslaw.com\/nl\/sitios_asociados\/camera-italiana-barcelona\/\">Camera Italiana Barcelona<\/a><\/li>\n<li><a href=\"https:\/\/www.bresserslaw.com\/nl\/sitios_asociados\/british-chamber-spain\/\">British Chamber Spain<\/a><\/li>\n<\/ul>\n<h2 class=\"wsp-slides-title\">Slide<\/h2>\n<ul class=\"wsp-slides-list\">\n<li><a href=\"https:\/\/www.bresserslaw.com\/nl\/slide\/wij-zijn-een-advocatenkantoor-met-meer-dan-10-jaar-ervaring\/\">Wij zijn een advocatenkantoor met meer dan 10 jaar ervaring<\/a><\/li>\n<li><a href=\"https:\/\/www.bresserslaw.com\/nl\/slide\/meer-dan-300-clienten-stellen-jaarlijks-hun-vertrouwen-in-ons-kantoor\/\">Meer dan 300 cli\u00ebnten stellen jaarlijks hun vertrouwen in ons kantoor<\/a><\/li>\n<li><a href=\"https:\/\/www.bresserslaw.com\/nl\/slide\/profiteer-van-een-dienstverlening-in-uw-eigen-taal\/\">Profiteer van een dienstverlening in uw eigen taal<\/a><\/li>\n<\/ul>\n<h2 class=\"wsp-testimonioss-title\">Reviews<\/h2>\n<ul class=\"wsp-testimonioss-list\">\n<li><a href=\"https:\/\/www.bresserslaw.com\/nl\/meningen\/l-werkheim\/\">L. Werkheim<\/a><\/li>\n<li><a href=\"https:\/\/www.bresserslaw.com\/nl\/meningen\/p-f-westplate\/\">P.F. Westplate<\/a><\/li>\n<li><a href=\"https:\/\/www.bresserslaw.com\/nl\/meningen\/marten-valster\/\">Marten Valster<\/a><\/li>\n<li><a href=\"https:\/\/www.bresserslaw.com\/nl\/meningen\/ingrid-dick-gastelaars\/\">Ingrid &amp; Dick Gastelaars<\/a><\/li>\n<li><a href=\"https:\/\/www.bresserslaw.com\/nl\/meningen\/roesink-de-zeeuw\/\">Roesink de Zeeuw<\/a><\/li>\n<li><a href=\"https:\/\/www.bresserslaw.com\/nl\/meningen\/g-a-l-bamps\/\">G.A.L. Bamps<\/a><\/li>\n<li><a href=\"https:\/\/www.bresserslaw.com\/nl\/meningen\/a-p-r-de-kooning\/\">A.P.R. de Kooning<\/a><\/li>\n<li><a href=\"https:\/\/www.bresserslaw.com\/nl\/meningen\/th-smeets\/\">Th. Smeets<\/a><\/li>\n<li><a href=\"https:\/\/www.bresserslaw.com\/nl\/meningen\/l-oudshoorn\/\">L. Oudshoorn<\/a><\/li>\n<li><a href=\"https:\/\/www.bresserslaw.com\/nl\/meningen\/vista-bella-properties-services-s-l\/\">Vista Bella Properties &amp; Services S.L.<\/a><\/li>\n<li><a href=\"https:\/\/www.bresserslaw.com\/nl\/meningen\/de-bruin-trading-b-v-2\/\">De Bruin Trading B.V.<\/a><\/li>\n<li><a href=\"https:\/\/www.bresserslaw.com\/nl\/meningen\/campolanda-s-l\/\">Campolanda S.L.<\/a><\/li>\n<li><a href=\"https:\/\/www.bresserslaw.com\/nl\/meningen\/special-fruits-n-v\/\">Special Fruits N.V.<\/a><\/li>\n<li><a href=\"https:\/\/www.bresserslaw.com\/nl\/meningen\/sales-force-s-r-l\/\">Sales Force S.R.L.<\/a><\/li>\n<li><a href=\"https:\/\/www.bresserslaw.com\/nl\/meningen\/confort-villa\/\">Confort Villa<\/a><\/li>\n<li><a href=\"https:\/\/www.bresserslaw.com\/nl\/meningen\/mariette-henri-van-gelder\/\">Mari\u00ebtte &amp; Henri van Gelder<\/a><\/li>\n<\/ul>\n<h2 class=\"wsp-sala-de-prensas-title\">Categor&iacute;as de Sala de Prensa<\/h2>\n<ul class=\"wsp-sala-de-prensas-list\">\n<li><a href=\"https:\/\/www.bresserslaw.com\/nl\/persruimtes\/bresserslaw-de-media\/\">Bresserslaw in the media<\/a><\/li>\n<li><a href=\"https:\/\/www.bresserslaw.com\/nl\/persruimtes\/publicaties\/\">Publications<\/a><\/li>\n<\/ul>\n<\/div>\n","protected":false},"excerpt":{"rendered":"","protected":false},"author":1,"featured_media":0,"parent":0,"menu_order":0,"comment_status":"closed","ping_status":"closed","template":"","meta":{"footnotes":""},"class_list":["post-2840","page","type-page","status-publish","hentry"],"_links":{"self":[{"href":"https:\/\/www.bresserslaw.com\/nl\/wp-json\/wp\/v2\/pages\/2840","targetHints":{"allow":["GET"]}}],"collection":[{"href":"https:\/\/www.bresserslaw.com\/nl\/wp-json\/wp\/v2\/pages"}],"about":[{"href":"https:\/\/www.bresserslaw.com\/nl\/wp-json\/wp\/v2\/types\/page"}],"author":[{"embeddable":true,"href":"https:\/\/www.bresserslaw.com\/nl\/wp-json\/wp\/v2\/users\/1"}],"replies":[{"embeddable":true,"href":"https:\/\/www.bresserslaw.com\/nl\/wp-json\/wp\/v2\/comments?post=2840"}],"version-history":[{"count":4,"href":"https:\/\/www.bresserslaw.com\/nl\/wp-json\/wp\/v2\/pages\/2840\/revisions"}],"predecessor-version":[{"id":2851,"href":"https:\/\/www.bresserslaw.com\/nl\/wp-json\/wp\/v2\/pages\/2840\/revisions\/2851"}],"wp:attachment":[{"href":"https:\/\/www.bresserslaw.com\/nl\/wp-json\/wp\/v2\/media?parent=2840"}],"curies":[{"name":"wp","href":"https:\/\/api.w.org\/{rel}","templated":true}]}}