{"id":2671,"date":"2017-01-25T10:53:14","date_gmt":"2017-01-25T10:53:14","guid":{"rendered":"http:\/\/www.bresserslaw.com\/politica-de-cookies\/"},"modified":"2023-02-21T17:35:17","modified_gmt":"2023-02-21T17:35:17","slug":"politique-cookies","status":"publish","type":"page","link":"https:\/\/www.bresserslaw.com\/fr\/politique-cookies\/","title":{"rendered":"Politique de cookies"},"content":{"rendered":"\n<p>La soci\u00e9t\u00e9 Bressers Law Vous informe que ce site internet utilise ses propres cookies ainsi que ceux de tiers afin d\u2019am\u00e9liorer nos services.<\/p>\n<p>&nbsp;<\/p>\n<p><strong>D\u00e9finition des cookies<\/strong><\/p>\n<p><strong>Qu\u2019est-ce qu\u2019un cookie&nbsp;?<\/strong>&nbsp;Un cookie est un fichier qui est plac\u00e9 sur votre ordinateur lorsque vous acc\u00e9dez \u00e0 certains sites internet. Les cookies permettent \u00e0 un site internet, entre autres choses, de stocker et r\u00e9cup\u00e9rer des informations sur les habitudes de navigation d\u2019un usager ou de son appareil et, d\u00e9pendant de l\u2019information contenue et de la mani\u00e8re dont il utilise son appareil, ils peuvent \u00eatre utilis\u00e9s pour reconna\u00eetre l\u2019usager.<\/p>\n<p>&nbsp;<\/p>\n<p><strong>Vous pouvez autoriser, bloquer ou \u00e9liminer les cookies<\/strong><\/p>\n<p>Les cookies install\u00e9s sur votre ordinateur peuvent \u00eatre bloqu\u00e9s ou \u00e9limin\u00e9s en configurant les options de votre navigateur web.<\/p>\n<p>\nFirefox depuis ce lien:<\/p>\n<p><a href=\"https:\/\/support.mozilla.org\/es\/kb\/cookies-informacion-que-los-sitios-web-guardan-en-#w_configurar-las-cookies\">https:\/\/support.mozilla.org\/es\/kb\/cookies-informacion-que-los-sitios-web-guardan-en-#w_configurar-las-cookies<\/a><\/p>\n<p>&nbsp;<\/p>\n<p>Chrome depuis ce lien:<\/p>\n<p><a href=\"http:\/\/support.google.com\/chrome\/bin\/answer.py?hl=es&amp;answer=95647\" target=\"_blank\" rel=\"noopener\">http:\/\/support.google.com\/chrome\/bin\/answer.py?hl=es&amp;answer=95647<\/a><\/p>\n<p>&nbsp;<\/p>\n<p>Explorer depuis ce lien:<\/p>\n<p><a href=\"http:\/\/windows.microsoft.com\/es-es\/windows7\/how-to-manage-cookies-in-internet-explorer-9\" target=\"_blank\" rel=\"noopener\">http:\/\/windows.microsoft.com\/es-es\/windows7\/how-to-manage-cookies-in-internet-explorer-9<\/a><\/p>\n<p><a href=\"http:\/\/windows.microsoft.com\/es-es\/internet-explorer\/delete-manage-cookies#ie=ie-11\">http:\/\/windows.microsoft.com\/es-es\/internet-explorer\/delete-manage-cookies#ie=ie-11<\/a><\/p>\n<p>&nbsp;<\/p>\n<p>Safari depuis ce lien:<\/p>\n<p><a href=\"http:\/\/support.apple.com\/kb\/ph5042\" target=\"_blank\" rel=\"noopener\">http:\/\/support.apple.com\/kb\/ph5042<\/a><\/p>\n<p>\nOpera depuis ce lien:<\/p>\n<p><a href=\"http:\/\/help.opera.com\/Windows\/11.50\/es-ES\/cookies.html\" target=\"_blank\" rel=\"noopener\">http:\/\/help.opera.com\/Windows\/11.50\/es-ES\/cookies.html<\/a><\/p>\n<p>&nbsp;<\/p>\n<p>&nbsp;<\/p>\n<p><strong>Quels types de cookies utilise ce site internet?<\/strong><\/p>\n<div style=\"clear:both;\">\n<table cellpadding=\"0\" cellspacing=\"0\">\n<thead>\n<tr>\n<td>DOMINIO<\/td>\n<td>COOKIE<\/td>\n<td>PRIMERA-TERCERA&nbsp;PARTE<\/td>\n<td>FINALIDAD<\/td>\n<\/tr>\n<\/thead>\n<tbody>\n<tr>\n<td><a href=\"http:\/\/www.bresserslaw.com\/\">www.bresserslaw.com<\/a><\/td>\n<td>\n<p>&nbsp; _dc_gtm_UA-87116234-1<\/p>\n<\/td>\n<td>Terceros<\/td>\n<td>A\u00f1adir el c\u00f3digo de seguimiento de Google Analytics desde Google Tag Manager<\/td>\n<\/tr>\n<tr>\n<td><a href=\"http:\/\/www.bresserslaw.com\/\">www.bresserslaw.com<\/a><\/td>\n<td>&nbsp; _ga<\/td>\n<td>Terceros<\/td>\n<td>Se usa para distinguir a los usuarios<\/td>\n<\/tr>\n<tr>\n<td><a href=\"http:\/\/www.bresserslaw.com\/\">www.bresserslaw.com<\/a><\/td>\n<td>&nbsp; _gat_UA-87116234-1<\/td>\n<td>Terceros<\/td>\n<td>Se usa para limitar el porcentaje de solicitudes<\/td>\n<\/tr>\n<tr>\n<td><a href=\"http:\/\/www.bresserslaw.com\/\">www.bresserslaw.com<\/a><\/td>\n<td>&nbsp; Viewed_cookie_policy<\/td>\n<td>Terceros<\/td>\n<td>Recordar la preferencia del usuario respecto de la informaci\u00f3n facilitada sobre las cookies<\/td>\n<\/tr>\n<\/tbody>\n<\/table>\n<\/div>\n<p><strong>Liens externes aux r\u00e9seaux sociaux<\/strong><\/p>\n<p>Ce site internet dispose de liens externes conduisant \u00e0 d\u2019autres sites internet qui pourraient traiter vos informations conform\u00e9ment \u00e0 des politique de confidentialit\u00e9 diff\u00e9rentes (par exemple des r\u00e9seaux sociaux comme Facebook ou Twitter). En aucun cas nous ne serons responsables de l\u2019usage que des tiers pourraient faire de cette information si la personne int\u00e9ress\u00e9e d\u00e9cide librement de la fournir.<\/p>\n<p>Afin d\u2019am\u00e9liorer votre exp\u00e9rience en tant qu\u2019usager, ce site internet a configur\u00e9 des boutons d\u2019acc\u00e8s \u00e0 Facebook afin de permettre \u00e0 l\u2019usager de partager avec son r\u00e9seau social les contenus pouvant l\u2019int\u00e9resser. De la m\u00eame mani\u00e8re, ces boutons d\u2019acc\u00e8s vous \u00e9viteront de devoir communiquer \u00e0 ce site vos donn\u00e9es personnelles via l\u2019utilisation de l\u2019information d\u00e9j\u00e0 partag\u00e9e des r\u00e9seaux sociaux, informations auxquelles nous n\u2019avons pas acc\u00e8s.<\/p>\n<p>&nbsp;<\/p>\n<p><strong>Qu\u2019arrive-t-il si l\u2019on d\u00e9sactive les cookies&nbsp;?<\/strong><\/p>\n<p>La navigation sur notre site pourrait ne pas \u00eatre optimale et certaines fonctions pourraient \u00eatre d\u00e9sactiv\u00e9es.<\/p>\n<p>&nbsp;<\/p>\n<p><strong>Mises \u00e0 jour et modifications<\/strong><\/p>\n<p>Le titulaire peut modifier cette politique de Cookies en fonction des exigences l\u00e9gislatives, r\u00e8glementaires, ou avec la finalit\u00e9 d\u2019adapter cette politique aux instructions donn\u00e9es par l\u2019Agence Espagnole de Protection des donn\u00e9es, on recommande pour cela aux usagers de visiter p\u00e9riodiquement ce site.<\/p>\n","protected":false},"excerpt":{"rendered":"<p>La soci\u00e9t\u00e9 Bressers Law Vous informe que ce site internet utilise ses propres cookies ainsi que ceux de tiers afin d\u2019am\u00e9liorer nos services. &nbsp; D\u00e9finition des cookies Qu\u2019est-ce qu\u2019un cookie&nbsp;?&nbsp;Un cookie est un fichier qui est plac\u00e9 sur votre ordinateur lorsque vous acc\u00e9dez \u00e0 certains sites internet. Les cookies permettent \u00e0 un site internet, entre [&hellip;]<\/p>\n","protected":false},"author":1,"featured_media":0,"parent":0,"menu_order":0,"comment_status":"closed","ping_status":"closed","template":"full-page-template.php","meta":{"footnotes":""},"class_list":["post-2671","page","type-page","status-publish","hentry"],"_links":{"self":[{"href":"https:\/\/www.bresserslaw.com\/fr\/wp-json\/wp\/v2\/pages\/2671","targetHints":{"allow":["GET"]}}],"collection":[{"href":"https:\/\/www.bresserslaw.com\/fr\/wp-json\/wp\/v2\/pages"}],"about":[{"href":"https:\/\/www.bresserslaw.com\/fr\/wp-json\/wp\/v2\/types\/page"}],"author":[{"embeddable":true,"href":"https:\/\/www.bresserslaw.com\/fr\/wp-json\/wp\/v2\/users\/1"}],"replies":[{"embeddable":true,"href":"https:\/\/www.bresserslaw.com\/fr\/wp-json\/wp\/v2\/comments?post=2671"}],"version-history":[{"count":3,"href":"https:\/\/www.bresserslaw.com\/fr\/wp-json\/wp\/v2\/pages\/2671\/revisions"}],"predecessor-version":[{"id":2907,"href":"https:\/\/www.bresserslaw.com\/fr\/wp-json\/wp\/v2\/pages\/2671\/revisions\/2907"}],"wp:attachment":[{"href":"https:\/\/www.bresserslaw.com\/fr\/wp-json\/wp\/v2\/media?parent=2671"}],"curies":[{"name":"wp","href":"https:\/\/api.w.org\/{rel}","templated":true}]}}