{"id":2659,"date":"2016-12-22T11:18:06","date_gmt":"2016-12-22T11:18:06","guid":{"rendered":"http:\/\/www.bresserslaw.com\/privacity-policy\/"},"modified":"2023-02-21T17:38:38","modified_gmt":"2023-02-21T17:38:38","slug":"politique-confidentialite","status":"publish","type":"page","link":"https:\/\/www.bresserslaw.com\/fr\/politique-confidentialite\/","title":{"rendered":"Politique de Confidentialit\u00e9"},"content":{"rendered":"\n<p>En vertu de la loi LO 15\/1999, du 13 d\u00e9cembre, de Protection des Donn\u00e9es \u00e0 Caract\u00e8re Personnel, et ses dispositions d\u2019application, <u>www.bresserslaw.com<\/u> informe les usagers du site internet , que toutes les donn\u00e9es personnelles collect\u00e9es seront stock\u00e9es dans un fichier d\u2019informations personnelles propri\u00e9t\u00e9 de Bressers Advocaten S.L.P.<\/p>\n<p>&nbsp;<\/p>\n<p>La collecte et le stockage seront n\u00e9cessaires pour la finalit\u00e9 \u00e0 laquelle elles sont destin\u00e9es. L\u2019usager devra remplir les champs signal\u00e9s comme (obligatoire) afin d\u2019envoyer le formulaire compl\u00e9t\u00e9. L\u2019usager sera seul responsable de la v\u00e9racit\u00e9, de l\u2019exactitude et de l\u2019actualit\u00e9 des informations fournies. Notre site internet recueille des donn\u00e9es gr\u00e2ce \u00e0 divers formulaires et au travers de courriers \u00e9lectroniques. Les finalit\u00e9s seront les suivantes&nbsp;:<\/p>\n<p>&nbsp;<\/p>\n<ul>\n<li>CONTACT&nbsp;: la finalit\u00e9 de la collecte des donn\u00e9es par le biais de ce formulaire sera de r\u00e9pondre aux consultations des usagers et\/ou leur faire parvenir l\u2019information sollicit\u00e9e.<\/li>\n<\/ul>\n<p>&nbsp;<\/p>\n<p>En compl\u00e9tant un de nos formulaires ou en contactant&nbsp;Bressers Advocaten S.L.P.par courrier \u00e9lectronique, l\u2019usager autorise express\u00e9ment l\u2019utilisation de ces derniers afin de lui envoyer par courrier \u00e9lectronique l\u2019information relative aux offres, promotions ou services. L\u2019usager pourra solliciter l\u2019arr\u00eat des envois publicitaires en envoyant un mail \u00e0 info@bresserslaw.com<\/p>\n<p>Bressers Advocaten S.L.P. dispose de toutes les mesures de s\u00e9curit\u00e9 requises par le RD 1720\/2007, afin de garantir la confidentialit\u00e9 absolue du stockage et du traitement des donn\u00e9es personnelles et \u00e9viter l\u2019acc\u00e8s de tiers non autoris\u00e9s.<\/p>\n<p>L\u2019usager pourra, \u00e0 tout moment et de mani\u00e8re gratuite, exercer ses droits d\u2019acc\u00e8s, de modification, d\u2019annulation et d\u2019opposition au traitement de ses donn\u00e9es personnelles en envoyant un courrier \u00e9lectronique \u00e0 l\u2019adresse info@bresserslaw.com&nbsp;&nbsp;ou par courrier \u00e0 l\u2019adresse suivante&nbsp;: Calle Gran de Gr\u00e0cia 1, 2\u00ba 3\u00aa 08012 Barcelona.<\/p>\n<p>L\u2019usager et\/ou client du site internet www.bresserslaw.com s\u2019engage, \u00e0 tout moment, \u00e0 faciliter des informations fiables quant aux donn\u00e9es sollicit\u00e9es dans le formulaire d\u2019inscription et de registre des usagers ainsi que l\u2019actualit\u00e9 de celle-ci.<\/p>\n<p>Bressers Advocaten S.L.P manifeste son respect et sa conformit\u00e9 aux dispositions recueillies dans la Loi Organique 15\/1999, du 13 d\u00e9cembre, de Protection des Donn\u00e9es \u00e0 Caract\u00e8re Personnel. Pour cela, Bressers Advocaten S.L.P vous informe quant \u00e0 sa politique de protection des donn\u00e9es afin que vous d\u00e9terminiez si vous souhaitez communiquer vos informations personnelles \u00e0 info@bresserslaw.com<\/p>\n<p>Bressers Advocaten S.L.P vous informe que les donn\u00e9es personnelles collect\u00e9es au travers de info@bresserslaw.com, seront, le cas \u00e9ch\u00e9ant, recueillies dans des fichiers \u00e9tant propri\u00e9t\u00e9 de Bressers Advocaten S.L.PCes fichiers auront pour but la gestion, l\u2019administration et la prestation des services ainsi que l\u2019envoi des contenus sollicit\u00e9s. La finalit\u00e9 sera \u00e9galement de mieux conna\u00eetre vos go\u00fbts afin d\u2019adapter les services \u00e0 vos pr\u00e9f\u00e9rences, pouvoir vous offrir de nouveaux services et contenus et vous envoyer l\u2019information commerciale associ\u00e9e, accompagn\u00e9e des nouveaut\u00e9s et promotions de info@bresserslaw.com dans le cadre des services et contenus offerts au travers de ce portail web.<\/p>\n<p>La non communication de ces informations ou la communication d\u2019informations incorrectes rendra impossible pour info@bresserslaw.com&nbsp;la prestation de services ou contenus sollicit\u00e9s.<\/p>\n<p>De la m\u00eame mani\u00e8re, vous acceptez que les donn\u00e9es fournies puissent \u00eatre c\u00e9d\u00e9es \u00e0 d\u2019autres soci\u00e9t\u00e9s du groupe auquel appartient Bressers Advocaten S.L.P, ainsi qu\u2019\u00e0 des soci\u00e9t\u00e9s associ\u00e9es ou collaboratrices. Vous acceptez \u00e9galement que lesdites soci\u00e9t\u00e9s vous remettent des informations relatives aux biens ou services qu\u2019elles commercialisent. Dans ce cas, votre acceptation sera r\u00e9vocable \u00e0 tout moment, sans effet r\u00e9troactif, conform\u00e9ment aux articles 6 et 11 de la LOPD.<\/p>\n<p>\u00c0 cet effet, dans un souci de totale transparence \u00e0 l\u2019\u00e9gard de notre client, Bressers Advocaten S.L.P vous informe de l\u2019utilisation sur ce portail web d\u2019autres m\u00e9canismes informatiques li\u00e9s aux donn\u00e9s personnelles, tels que les logs.<\/p>\n<p>Les logs son des fichiers stock\u00e9s dans le serveur de Bressers Advocaten S.L.Penregistrant des informations relatives \u00e0 votre navigation ayant pour finalit\u00e9 principale de r\u00e9unir des informations quant aux op\u00e9rations que vous r\u00e9alisez. Cela nous permet \u00e9galement de pouvoir continuer \u00e0 vous vous pr\u00eater les services et contenus sollicit\u00e9s, mieux conna\u00eetre vos pr\u00e9f\u00e9rences et vous offrir d\u2019autres contenus et services pouvant s\u2019adapter \u00e0 vos besoins.<\/p>\n<p>Afin d\u2019int\u00e9grer vos donn\u00e9es personnelles dans les fichiers de Bressers Advocaten S.L.P nous aurons besoin de votre consentement. Ce consentement pourra \u00eatre donn\u00e9 via l\u2019acceptation de cette politique de confidentialit\u00e9, en choisissant l\u2019option \u00ab&nbsp;Envoyer\u00bb.<\/p>\n<p>Dans l\u2019hypoth\u00e8se o\u00f9, pour l\u2019ex\u00e9cution des services, des donn\u00e9es personnelles de tiers soient facilit\u00e9es \u00e0 www.bresserslaw.com, l\u2019usager garantit qu\u2019il d\u00e9tient la facult\u00e9 l\u00e9gitime pour communiquer ces informations et qu\u2019il a inform\u00e9 la personne int\u00e9ress\u00e9e de la cession de ses donn\u00e9es et a sollicit\u00e9 son consentement, assumant la responsabilit\u00e9 de l\u2019inex\u00e9cution de ces obligations.<\/p>\n<p>Vous disposez de la possibilit\u00e9 d\u2019exercer les droits d\u2019acc\u00e8s, de rectification, d\u2019annulation et d\u2019opposition de vos informations personnelles en envoyant un courrier \u00e9lectronique \u00e0 info@bresserlaw.com ou via le num\u00e9ro de t\u00e9l\u00e9phone suivant <a href=\"tel:+34 934 81 36 36\">34 934 81 36 36<\/a><\/p>\n<p>Bressers Advocaten S.L maintient les niveaux de protection de vos donn\u00e9es personnelles conform\u00e9ment au Real Decreto 1720\/2007, du 21 d\u00e9cembre, relatif aux mesures de s\u00e9curit\u00e9 des fichiers automatis\u00e9s et non automatis\u00e9s contenant des donn\u00e9es personnelles, et \u00e0 mis en place tous les moyens techniques \u00e0 sa port\u00e9e afin d\u2019\u00e9viter la perte, l\u2019utilisation abusive, l\u2019alt\u00e9ration, l\u2019acc\u00e8s non autoris\u00e9 et le vol des donn\u00e9es que vous communiquez \u00e0 info@bresserlaw.com, tout en prenant en compte que les mesures de s\u00e9curit\u00e9 sur internet ne sont pas infaillibles.<\/p>\n<p>Bressers Advocaten S.L se r\u00e9serve le droit de modifier cette politique de confidentialit\u00e9 afin de l\u2019adapter aux nouveaut\u00e9s l\u00e9gislatives, jurisprudentielles ou interpr\u00e9tation de l\u2019Agence Espagnole de Protection des Donn\u00e9es. Dans ce cas, Bressers Advocaten S.L annoncera lesdits changements en indiquant clairement les modifications effectu\u00e9es et ce, avec un pr\u00e9avis suffisant. En cas de n\u00e9cessit\u00e9 Bressers Advocaten S.Lsollicitera l\u2019acceptation desdits changements.&nbsp;<\/p>\n<p>Cette politique de confidentialit\u00e9 pourra \u00eatre compl\u00e9t\u00e9e des Mentions L\u00e9gales et Conditions G\u00e9n\u00e9rales qui, selon les cas, seront utilis\u00e9es pour des services ou produits d\u00e9termin\u00e9s, si cet acc\u00e8s suppose une sp\u00e9cificit\u00e9 en mati\u00e8re de protection des donn\u00e9es personnelles.<\/p>\n","protected":false},"excerpt":{"rendered":"<p>En vertu de la loi LO 15\/1999, du 13 d\u00e9cembre, de Protection des Donn\u00e9es \u00e0 Caract\u00e8re Personnel, et ses dispositions d\u2019application, www.bresserslaw.com informe les usagers du site internet , que toutes les donn\u00e9es personnelles collect\u00e9es seront stock\u00e9es dans un fichier d\u2019informations personnelles propri\u00e9t\u00e9 de Bressers Advocaten S.L.P. &nbsp; La collecte et le stockage seront n\u00e9cessaires [&hellip;]<\/p>\n","protected":false},"author":1,"featured_media":0,"parent":0,"menu_order":0,"comment_status":"closed","ping_status":"closed","template":"full-page-template.php","meta":{"footnotes":""},"class_list":["post-2659","page","type-page","status-publish","hentry"],"_links":{"self":[{"href":"https:\/\/www.bresserslaw.com\/fr\/wp-json\/wp\/v2\/pages\/2659","targetHints":{"allow":["GET"]}}],"collection":[{"href":"https:\/\/www.bresserslaw.com\/fr\/wp-json\/wp\/v2\/pages"}],"about":[{"href":"https:\/\/www.bresserslaw.com\/fr\/wp-json\/wp\/v2\/types\/page"}],"author":[{"embeddable":true,"href":"https:\/\/www.bresserslaw.com\/fr\/wp-json\/wp\/v2\/users\/1"}],"replies":[{"embeddable":true,"href":"https:\/\/www.bresserslaw.com\/fr\/wp-json\/wp\/v2\/comments?post=2659"}],"version-history":[{"count":3,"href":"https:\/\/www.bresserslaw.com\/fr\/wp-json\/wp\/v2\/pages\/2659\/revisions"}],"predecessor-version":[{"id":2911,"href":"https:\/\/www.bresserslaw.com\/fr\/wp-json\/wp\/v2\/pages\/2659\/revisions\/2911"}],"wp:attachment":[{"href":"https:\/\/www.bresserslaw.com\/fr\/wp-json\/wp\/v2\/media?parent=2659"}],"curies":[{"name":"wp","href":"https:\/\/api.w.org\/{rel}","templated":true}]}}