{"id":2651,"date":"2017-01-25T09:45:05","date_gmt":"2017-01-25T09:45:05","guid":{"rendered":"http:\/\/www.bresserslaw.com\/aviso-legal\/"},"modified":"2023-02-21T12:16:52","modified_gmt":"2023-02-21T12:16:52","slug":"mentions-legales","status":"publish","type":"page","link":"https:\/\/www.bresserslaw.com\/fr\/mentions-legales\/","title":{"rendered":"Mentions l\u00e9gales"},"content":{"rendered":"\n<p>En vertu de l\u2019article 10 de la Loi 34\/2002, du 11 juillet, de Services de la Soci\u00e9t\u00e9 de l\u2019Information et de Commerce \u00c9lectronique (LSSI+CE), nous vous informons de ce qui suit&nbsp;:<\/p>\n<p>&nbsp;<\/p>\n<p>L\u2019entreprise titulaire du site internet Bressers Law&nbsp;est&nbsp;:<\/p>\n<p>&nbsp;&nbsp;&nbsp;&nbsp;&nbsp;&nbsp;&nbsp;&nbsp;&nbsp;&nbsp;&nbsp; D\u00e9nomination sociale&nbsp;: Bressers Advocaten S.L.P<\/p>\n<p>&nbsp;&nbsp;&nbsp;&nbsp;&nbsp;&nbsp;&nbsp;&nbsp;&nbsp;&nbsp;&nbsp; CIF&nbsp;:&nbsp;B20933453<\/p>\n<p>&nbsp;&nbsp;&nbsp;&nbsp;&nbsp;&nbsp;&nbsp;&nbsp;&nbsp;&nbsp;&nbsp; Domicile social ;&nbsp;Gran de Gracia 1, 2\u00ba3\u00aa<\/p>\n<p>&nbsp;&nbsp;&nbsp;&nbsp;&nbsp;&nbsp;&nbsp;&nbsp;&nbsp;&nbsp;&nbsp; T\u00e9l\u00e9phone&nbsp;: 0034 934813636<\/p>\n<p>&nbsp;&nbsp;&nbsp;&nbsp;&nbsp;&nbsp;&nbsp;&nbsp;&nbsp;&nbsp;&nbsp; Email&nbsp;: info@bresserslaw.com<\/p>\n<p>&nbsp;&nbsp;&nbsp;&nbsp;&nbsp;&nbsp;&nbsp;&nbsp;&nbsp;&nbsp;&nbsp; Inscription au Registre du Commerce et des Soci\u00e9t\u00e9s&nbsp;:<\/p>\n<p><strong>Propri\u00e9t\u00e9 Intellectuelle et Industrielle<\/strong><\/p>\n<p>Toute reproduction, distribution, communication publique et transformation totale ou partielle des contenus du site internet sans l\u2019autorisation de Bressers Advocaten S.L.P est strictement interdite et constitue une infraction de la l\u00e9gislation en vigueur en mati\u00e8re de propri\u00e9t\u00e9 industrielle et intellectuelle.<\/p>\n<p>De m\u00eame, tous les noms commerciaux, dessins, contenus, marques, images ou signes distinctifs de toute classe de contenus de ce site internet son prot\u00e9g\u00e9s par la loi. L\u2019usager utilisera les services du site internet en respectant ces droits et \u00e0 aucun moment n\u2019acquerra, de droits en lien avec ces derniers.<\/p>\n<p>&nbsp;<\/p>\n<p><strong>Contenus et liens<\/strong><\/p>\n<p>L\u2019usager peut visualiser tous les \u00e9l\u00e9ments, les imprimer, les copier et les stocker sur le disque dur de son ordinateur, ou tout autre support physique, seulement dans la mesure ou celui-ci en fera un usage personnel et priv\u00e9, \u00e9tant totalement interdite une utilisation \u00e0 des fins commerciales, sa distribution ainsi que sa modification, alt\u00e9ration ou d\u00e9membrement.<\/p>\n<p>Bressers Advocaten S.L.P se r\u00e9serve le droit d\u2019effectuer, sans aucun pr\u00e9avis, les modifications qu\u2019il consid\u00e8rera opportunes sur son site internet, pouvant changer, supprimer ou ajouter aussi bien les contenus et services que la forme dans laquelle ces derniers sont pr\u00e9sent\u00e9s ou leur localisation.<\/p>\n<p>Bressers Advocaten S.L.P ne sera en aucun cas responsable de la mauvaise utilisation qui pourrait \u00eatre faite des contenus de son site internet, \u00e9tant de responsabilit\u00e9 exclusive de la personne qui y acc\u00e8derait ou les utiliserait. De la m\u00eame mani\u00e8re, aucune responsabilit\u00e9 ne sera assum\u00e9e pour les informations contenues dans les sites internet de tiers auxquelles il est possible d\u2019acc\u00e9der par les liens depuis le site internet www.bresserslaw.com<\/p>\n<p>&nbsp;<\/p>\n<p><strong>Confidentialit\u00e9\/Protection des donn\u00e9es personnelles<\/strong><\/p>\n<p>Bressers Advocaten S.L.P assure la plus stricte confidentialit\u00e9 dans la collecte et le traitement des donn\u00e9es fournies par ses usagers via internet ou tout autre moyen. Lesdites donn\u00e9es seront trait\u00e9es en conformit\u00e9 \u00e0 la Loi Organique 15\/1999 du 13 d\u00e9cembre 1999 de Protection des Donn\u00e9es \u00e0 Caract\u00e8re Personnel (LOPD) et \u00e0 toute la l\u00e9gislation applicable en mati\u00e8re de protection de donn\u00e9es \u00e0 caract\u00e8re personnel. Pour plus d\u2019informations consultez notre POLITIQUE DE CONFIDENTIALIT\u00c9.<\/p>\n","protected":false},"excerpt":{"rendered":"<p>En vertu de l\u2019article 10 de la Loi 34\/2002, du 11 juillet, de Services de la Soci\u00e9t\u00e9 de l\u2019Information et de Commerce \u00c9lectronique (LSSI+CE), nous vous informons de ce qui suit&nbsp;: &nbsp; L\u2019entreprise titulaire du site internet Bressers Law&nbsp;est&nbsp;: &nbsp;&nbsp;&nbsp;&nbsp;&nbsp;&nbsp;&nbsp;&nbsp;&nbsp;&nbsp;&nbsp; D\u00e9nomination sociale&nbsp;: Bressers Advocaten S.L.P &nbsp;&nbsp;&nbsp;&nbsp;&nbsp;&nbsp;&nbsp;&nbsp;&nbsp;&nbsp;&nbsp; CIF&nbsp;:&nbsp;B20933453 &nbsp;&nbsp;&nbsp;&nbsp;&nbsp;&nbsp;&nbsp;&nbsp;&nbsp;&nbsp;&nbsp; Domicile social ;&nbsp;Gran de Gracia 1, 2\u00ba3\u00aa [&hellip;]<\/p>\n","protected":false},"author":1,"featured_media":0,"parent":0,"menu_order":0,"comment_status":"closed","ping_status":"closed","template":"full-page-template.php","meta":{"footnotes":""},"class_list":["post-2651","page","type-page","status-publish","hentry"],"_links":{"self":[{"href":"https:\/\/www.bresserslaw.com\/fr\/wp-json\/wp\/v2\/pages\/2651","targetHints":{"allow":["GET"]}}],"collection":[{"href":"https:\/\/www.bresserslaw.com\/fr\/wp-json\/wp\/v2\/pages"}],"about":[{"href":"https:\/\/www.bresserslaw.com\/fr\/wp-json\/wp\/v2\/types\/page"}],"author":[{"embeddable":true,"href":"https:\/\/www.bresserslaw.com\/fr\/wp-json\/wp\/v2\/users\/1"}],"replies":[{"embeddable":true,"href":"https:\/\/www.bresserslaw.com\/fr\/wp-json\/wp\/v2\/comments?post=2651"}],"version-history":[{"count":3,"href":"https:\/\/www.bresserslaw.com\/fr\/wp-json\/wp\/v2\/pages\/2651\/revisions"}],"predecessor-version":[{"id":2901,"href":"https:\/\/www.bresserslaw.com\/fr\/wp-json\/wp\/v2\/pages\/2651\/revisions\/2901"}],"wp:attachment":[{"href":"https:\/\/www.bresserslaw.com\/fr\/wp-json\/wp\/v2\/media?parent=2651"}],"curies":[{"name":"wp","href":"https:\/\/api.w.org\/{rel}","templated":true}]}}