{"id":2641,"date":"2016-12-21T17:11:04","date_gmt":"2016-12-21T17:11:04","guid":{"rendered":"http:\/\/www.bresserslaw.com\/trabaja-con-nosotros\/"},"modified":"2023-02-21T20:27:10","modified_gmt":"2023-02-21T20:27:10","slug":"recrutement-bresserslaw","status":"publish","type":"page","link":"https:\/\/www.bresserslaw.com\/fr\/recrutement-bresserslaw\/","title":{"rendered":"Recrutement Bressers Law"},"content":{"rendered":"\n<p>BRESSERS LAW est un&nbsp;<b>cabinet d\u2019avocats<\/b>&nbsp;\u00e0 vocation internationale, d\u00e9fendant les int\u00e9r\u00eats de clients tant nationaux qu\u2019\u00e9trangers en&nbsp;<b>Espagne<\/b>,&nbsp;<b>Hollande<\/b>,&nbsp;<b>France<\/b>,&nbsp;<b>Italie<\/b>&nbsp;et&nbsp;<b>Bulgarie<\/b>.<\/p>\n<p>Nos comp\u00e9tences reposent en particulier sur notre capacit\u00e9 \u00e0 g\u00e9rer des affaires complexes, demandant n\u00e9cessairement une implication constante afin de ma\u00eetriser une l\u00e9gislation europ\u00e9enne toujours plus \u00e9tendue, gr\u00e2ce&nbsp;\u00e0 nos connaissances linguistiques ainsi que les coutumes et cultures d\u2019autres pays. Nous appliquons les valeurs et les principes d\u2019un&nbsp;<strong>cabinet d\u2019avocats hollandais<\/strong>, gage d\u2019efficacit\u00e9 et de progr\u00e8s. Dans un monde o\u00f9 la mondialisation \u00e9conomique est un fait, il est primordial que nos clients puissent compter sur les meilleurs conseils juridiques au-del\u00e0 des fronti\u00e8res.<\/p>\n","protected":false},"excerpt":{"rendered":"<p>BRESSERS LAW est un&nbsp;cabinet d\u2019avocats&nbsp;\u00e0 vocation internationale, d\u00e9fendant les int\u00e9r\u00eats de clients tant nationaux qu\u2019\u00e9trangers en&nbsp;Espagne,&nbsp;Hollande,&nbsp;France,&nbsp;Italie&nbsp;et&nbsp;Bulgarie. Nos comp\u00e9tences reposent en particulier sur notre capacit\u00e9 \u00e0 g\u00e9rer des affaires complexes, demandant n\u00e9cessairement une implication constante afin de ma\u00eetriser une l\u00e9gislation europ\u00e9enne toujours plus \u00e9tendue, gr\u00e2ce&nbsp;\u00e0 nos connaissances linguistiques ainsi que les coutumes et cultures d\u2019autres pays. [&hellip;]<\/p>\n","protected":false},"author":1,"featured_media":754,"parent":0,"menu_order":0,"comment_status":"closed","ping_status":"closed","template":"contact-template.php","meta":{"footnotes":""},"class_list":["post-2641","page","type-page","status-publish","has-post-thumbnail","hentry"],"_links":{"self":[{"href":"https:\/\/www.bresserslaw.com\/fr\/wp-json\/wp\/v2\/pages\/2641","targetHints":{"allow":["GET"]}}],"collection":[{"href":"https:\/\/www.bresserslaw.com\/fr\/wp-json\/wp\/v2\/pages"}],"about":[{"href":"https:\/\/www.bresserslaw.com\/fr\/wp-json\/wp\/v2\/types\/page"}],"author":[{"embeddable":true,"href":"https:\/\/www.bresserslaw.com\/fr\/wp-json\/wp\/v2\/users\/1"}],"replies":[{"embeddable":true,"href":"https:\/\/www.bresserslaw.com\/fr\/wp-json\/wp\/v2\/comments?post=2641"}],"version-history":[{"count":4,"href":"https:\/\/www.bresserslaw.com\/fr\/wp-json\/wp\/v2\/pages\/2641\/revisions"}],"predecessor-version":[{"id":2927,"href":"https:\/\/www.bresserslaw.com\/fr\/wp-json\/wp\/v2\/pages\/2641\/revisions\/2927"}],"wp:featuredmedia":[{"embeddable":true,"href":"https:\/\/www.bresserslaw.com\/fr\/wp-json\/wp\/v2\/media\/754"}],"wp:attachment":[{"href":"https:\/\/www.bresserslaw.com\/fr\/wp-json\/wp\/v2\/media?parent=2641"}],"curies":[{"name":"wp","href":"https:\/\/api.w.org\/{rel}","templated":true}]}}