{"id":2629,"date":"2016-11-28T16:19:35","date_gmt":"2016-11-28T16:19:35","guid":{"rendered":"http:\/\/www.bresserslaw.com\/desk\/french-desk\/"},"modified":"2023-02-21T18:48:43","modified_gmt":"2023-02-21T18:48:43","slug":"french-desk","status":"publish","type":"page","link":"https:\/\/www.bresserslaw.com\/fr\/desk\/french-desk\/","title":{"rendered":"French Desk"},"content":{"rendered":"\n<p>Si l\u2019Espagne et la France entretiennent des relations tr\u00e8s \u00e9troites, non seulement en raison de notre culture commune ou parce-que nous sommes g\u00e9ographiquement proches, mais \u00e9galement parce-que la France est le premier partenaire commercial de l\u2019Espagne. Selon des statistiques de la Chambre de Commerce Franco-espagnole, la France est le premier client de l\u2019Espagne (15,57% de ses exportations) et son second fournisseur (11%). En 2015, le volume des \u00e9changes entre la France et l\u2019Espagne s\u2019\u00e9levait \u00e0 66.000 millions d\u2019euros. Afin d\u2019apporter une r\u00e9ponse \u00e0 ces \u00e9troites relations entre les deux pays, depuis l\u2019ann\u00e9e 2007, Bressers Law dispose d\u2019un d\u00e9partement juridique sp\u00e9cialis\u00e9 qui r\u00e9pond aux besoins des clients fran\u00e7ais en Espagne ainsi qu\u2019\u00e0 ceux des clients espagnols ayant une activit\u00e9 en France.<\/p>\n<p>Afin d\u2019apporter une r\u00e9ponse \u00e0 ces \u00e9troites relations entre les deux pays, depuis l\u2019ann\u00e9e 2007, Bressers Law dispose d\u2019un d\u00e9partement juridique sp\u00e9cialis\u00e9 qui r\u00e9pond aux besoins des clients fran\u00e7ais en Espagne ainsi qu\u2019\u00e0 ceux des clients espagnols ayant une activit\u00e9 en France.<\/p>\n<h2 class=\"xs-title\">Valeur ajout\u00e9e<\/h2>\n<p>Le D\u00e9partement Fran\u00e7ais est dirig\u00e9 par Anne-Laure Chamouleau, une avocate fran\u00e7aise et espagnole ayant une grande exp\u00e9rience dans les deux juridictions. Anne-Laure a assist\u00e9 de nombreux clients francophones, aussi bien des entreprise que des particuliers, sp\u00e9cialement en droit immobilier espagnol, successions, droit des soci\u00e9t\u00e9s et en mati\u00e8re contentieuse \u00e0 caract\u00e8re international.<\/p>\n<p>Le D\u00e9partement Fran\u00e7ais met \u00e0 disposition de ses clients, non seulement ses connaissances et l\u2019assistance l\u00e9gale de Bressers Law, mais \u00e9galement les avantages pratiques de la connaissance de langue et de la culture fran\u00e7aise.<\/p>\n<p>Les membres du D\u00e9partement Fran\u00e7ais parlent fran\u00e7ais, espagnol et anglais.<\/p>\n","protected":false},"excerpt":{"rendered":"<p>Si l\u2019Espagne et la France entretiennent des relations tr\u00e8s \u00e9troites, non seulement en raison de notre culture commune ou parce-que nous sommes g\u00e9ographiquement proches, mais \u00e9galement parce-que la France est le premier partenaire commercial de l\u2019Espagne. Selon des statistiques de la Chambre de Commerce Franco-espagnole, la France est le premier client de l\u2019Espagne (15,57% de [&hellip;]<\/p>\n","protected":false},"author":1,"featured_media":426,"parent":2220,"menu_order":0,"comment_status":"closed","ping_status":"closed","template":"French-Desks-Template.php","meta":{"footnotes":""},"class_list":["post-2629","page","type-page","status-publish","has-post-thumbnail","hentry"],"_links":{"self":[{"href":"https:\/\/www.bresserslaw.com\/fr\/wp-json\/wp\/v2\/pages\/2629","targetHints":{"allow":["GET"]}}],"collection":[{"href":"https:\/\/www.bresserslaw.com\/fr\/wp-json\/wp\/v2\/pages"}],"about":[{"href":"https:\/\/www.bresserslaw.com\/fr\/wp-json\/wp\/v2\/types\/page"}],"author":[{"embeddable":true,"href":"https:\/\/www.bresserslaw.com\/fr\/wp-json\/wp\/v2\/users\/1"}],"replies":[{"embeddable":true,"href":"https:\/\/www.bresserslaw.com\/fr\/wp-json\/wp\/v2\/comments?post=2629"}],"version-history":[{"count":3,"href":"https:\/\/www.bresserslaw.com\/fr\/wp-json\/wp\/v2\/pages\/2629\/revisions"}],"predecessor-version":[{"id":2921,"href":"https:\/\/www.bresserslaw.com\/fr\/wp-json\/wp\/v2\/pages\/2629\/revisions\/2921"}],"up":[{"embeddable":true,"href":"https:\/\/www.bresserslaw.com\/fr\/wp-json\/wp\/v2\/pages\/2220"}],"wp:featuredmedia":[{"embeddable":true,"href":"https:\/\/www.bresserslaw.com\/fr\/wp-json\/wp\/v2\/media\/426"}],"wp:attachment":[{"href":"https:\/\/www.bresserslaw.com\/fr\/wp-json\/wp\/v2\/media?parent=2629"}],"curies":[{"name":"wp","href":"https:\/\/api.w.org\/{rel}","templated":true}]}}