{"id":2628,"date":"2016-11-24T15:45:16","date_gmt":"2016-11-24T15:45:16","guid":{"rendered":"http:\/\/www.bresserslaw.com\/desk\/dutch-desk\/"},"modified":"2023-02-21T18:46:56","modified_gmt":"2023-02-21T18:46:56","slug":"dutch-desk","status":"publish","type":"page","link":"https:\/\/www.bresserslaw.com\/fr\/desk\/dutch-desk\/","title":{"rendered":"Dutch Desk"},"content":{"rendered":"\n<p>Le D\u00e9partement Hollandais est la pierre angulaire de Bressers Law et pr\u00eate ses services aussi bien \u00e0 nos clients hollandais ayant des int\u00e9r\u00eats en Espagne, qu\u2019aux espagnols ayant une activit\u00e9 en Hollande. Il est dirig\u00e9 par l\u2019associ\u00e9 directeur du cabinet, d\u2019origine hollandaise. Il s\u2019agit du d\u00e9partement qui a donn\u00e9 naissance au cabinet fond\u00e9 en 2007.<\/p>\n<p>Bressers Law est n\u00e9 du besoin, d\u00e9tect\u00e9 par notre associ\u00e9 fondateur, d\u2019apporter une r\u00e9ponse l\u00e9gale aux relations entre l\u2019Espagne et la Hollande, ce qui s\u2019est converti en notre sp\u00e9cialit\u00e9 et pour laquelle nous sommes largement reconnus par nos clients. La Hollande a traditionnellement \u00e9t\u00e9 l\u2019un des principaux investisseurs sur le territoire espagnol et, pour l\u2019Espagne, la Hollande est un partenaire commercial de grande importance. Au jour d\u2019aujourd\u2019hui, les op\u00e9rations commerciales entre les deux pays sont fluides et se rel\u00e8vent de la baisse subie pendant la crise.<\/p>\n<p>L\u2019\u00e9troite relation entre les deux pays se refl\u00e8te \u00e9galement dans l\u2019importante colonie de hollandais se trouvant en Espagne, ainsi que dans le nombre d\u2019espagnols travaillant aux Pays-Bas.<\/p>\n<h2 class=\"xs-title\">Valeur ajout\u00e9e<\/h2>\n<p>Le D\u00e9partement Hollandais est dirig\u00e9 par le fondateur et directeur du cabinet, Martijn Bressers, avocat exer\u00e7ant aux Barreaux de La Haye et de Barcelone. La grande exp\u00e9rience internationale de notre directeur associ\u00e9 assure \u00e0 nos clients, non seulement une profonde connaissance du monde des affaires, de la culture et de la langue hollandaises, mais \u00e9galement une comp\u00e9tence l\u00e9gale pour repr\u00e9senter leurs int\u00e9r\u00eats offrant les garanties n\u00e9cessaires. De plus, Martijn Bressers, amant des d\u00e9fis, porte une attention sp\u00e9ciale \u00e0 chacun des dossiers du d\u00e9partement.<\/p>\n<p>Nos avocats du D\u00e9partement Hollandais assistent et guident nos clients au travers du syst\u00e8me l\u00e9gal espagnol et hollandais et travaillent sur tous les dossiers de dimension internationale en y apportant leur vision transfronti\u00e8re.<\/p>\n","protected":false},"excerpt":{"rendered":"<p>Le D\u00e9partement Hollandais est la pierre angulaire de Bressers Law et pr\u00eate ses services aussi bien \u00e0 nos clients hollandais ayant des int\u00e9r\u00eats en Espagne, qu\u2019aux espagnols ayant une activit\u00e9 en Hollande. Il est dirig\u00e9 par l\u2019associ\u00e9 directeur du cabinet, d\u2019origine hollandaise. Il s\u2019agit du d\u00e9partement qui a donn\u00e9 naissance au cabinet fond\u00e9 en 2007. [&hellip;]<\/p>\n","protected":false},"author":1,"featured_media":412,"parent":2220,"menu_order":0,"comment_status":"closed","ping_status":"closed","template":"Dutch-Desks-Template.php","meta":{"footnotes":""},"class_list":["post-2628","page","type-page","status-publish","has-post-thumbnail","hentry"],"_links":{"self":[{"href":"https:\/\/www.bresserslaw.com\/fr\/wp-json\/wp\/v2\/pages\/2628","targetHints":{"allow":["GET"]}}],"collection":[{"href":"https:\/\/www.bresserslaw.com\/fr\/wp-json\/wp\/v2\/pages"}],"about":[{"href":"https:\/\/www.bresserslaw.com\/fr\/wp-json\/wp\/v2\/types\/page"}],"author":[{"embeddable":true,"href":"https:\/\/www.bresserslaw.com\/fr\/wp-json\/wp\/v2\/users\/1"}],"replies":[{"embeddable":true,"href":"https:\/\/www.bresserslaw.com\/fr\/wp-json\/wp\/v2\/comments?post=2628"}],"version-history":[{"count":1,"href":"https:\/\/www.bresserslaw.com\/fr\/wp-json\/wp\/v2\/pages\/2628\/revisions"}],"predecessor-version":[{"id":2917,"href":"https:\/\/www.bresserslaw.com\/fr\/wp-json\/wp\/v2\/pages\/2628\/revisions\/2917"}],"up":[{"embeddable":true,"href":"https:\/\/www.bresserslaw.com\/fr\/wp-json\/wp\/v2\/pages\/2220"}],"wp:featuredmedia":[{"embeddable":true,"href":"https:\/\/www.bresserslaw.com\/fr\/wp-json\/wp\/v2\/media\/412"}],"wp:attachment":[{"href":"https:\/\/www.bresserslaw.com\/fr\/wp-json\/wp\/v2\/media?parent=2628"}],"curies":[{"name":"wp","href":"https:\/\/api.w.org\/{rel}","templated":true}]}}