{"id":2573,"date":"2023-02-14T16:31:41","date_gmt":"2023-02-14T16:31:41","guid":{"rendered":"http:\/\/www.bresserslaw.com\/derecho-laboral-y-seguridad-social\/"},"modified":"2023-02-20T20:40:36","modified_gmt":"2023-02-20T20:40:36","slug":"droit-du-travail-et-de-la-securite-sociale","status":"publish","type":"page","link":"https:\/\/www.bresserslaw.com\/fr\/services\/droit-du-travail-et-de-la-securite-sociale\/","title":{"rendered":"Droit Du Travail Et De La S\u00e9curit\u00e9 Sociale"},"content":{"rendered":"<p>Le domaine du travail est une pi\u00e8ce ma\u00eetresse de la gestion et direction des soci\u00e9t\u00e9s dans le contexte actuel dans lequel op\u00e8rent les entreprises ayant des int\u00e9r\u00eats internationaux ainsi que pour les travailleurs transnationaux d\u00e9plac\u00e9s depuis leur pays d\u2019origine. Dans ce domaine, nous nous investissons avec beaucoup d\u2019intensit\u00e9 afin d\u2019aider notre client \u00e0 prendre la meilleure d\u00e9cision pour son entreprise ou sa vie professionnelle.<\/p>\n<p>Nous sommes sp\u00e9cialistes en Droit du Travail \u00e0 caract\u00e8re international depuis plus de 10 ans, ayant aid\u00e9 grand nombre d\u2019organisations et de travailleurs. Nous offrons un service personnalis\u00e9 bas\u00e9 sur une profonde rigueur technique et sur la connaissance des pratiques habituelles de ce secteur du Droit.<\/p>\n<p>Notre \u00e9quipe tourn\u00e9e vers les clients, vous conseillera et d\u00e9fendra vos int\u00e9r\u00eats apportant une valeur ajout\u00e9e bas\u00e9e sur notre exp\u00e9rience des dossiers transnationaux. Nous sommes conscients de l\u2019importance pour le client de chaque dossier, c\u2019est pourquoi nous offrons un service efficace et personnalis\u00e9.<\/p>\n<h2>SERVICES<\/h2>\n<ul>\n<li>Assistance en mati\u00e8re de Droit du Travail et de la S\u00e9curit\u00e9 Sociale.<\/li>\n<li>Apport de solutions internationales en mati\u00e8re de Ressources Humaines et de planification personnelle.<\/li>\n<li>Contrat de travail des expatri\u00e9s, contrats d\u2019agence et contrats de distribution.<\/li>\n<li>Concurrence d\u00e9loyale.<\/li>\n<li>S\u00e9curit\u00e9 Sociale au niveau national et communautaire.<\/li>\n<li>Contrats de travail.<\/li>\n<li>Perception de salaires.<\/li>\n<li>Liquidations de S\u00e9curit\u00e9 Sociale.<\/li>\n<li>Conventions collectives.<\/li>\n<li>D\u00e9fense juridique en mati\u00e8re de Droit du Travail.<\/li>\n<\/ul>\n<p><strong>Gestion et Administration de personnel<\/strong><\/p>\n<ul>\n<li>Gestion de fiches de paye.<\/li>\n<li>D\u00e9marches aupr\u00e8s de la S\u00e9curit\u00e9 Sociale.<\/li>\n<li>Modification de travailleurs (emploi, licenciements etc.).<\/li>\n<li>Contrats de travail.<\/li>\n<li>Contrats de travail des expatri\u00e9s.<\/li>\n<li>Apport de solutions internationales en mati\u00e8re de Ressources Humaines et affaires de planification personnelle.<\/li>\n<\/ul>\n<p><strong>Due Diligence en droit du travail<\/strong><\/p>\n<ul>\n<li>Relation de travailleurs et contrats.<\/li>\n<li>Cotisation aupr\u00e8s de la S\u00e9curit\u00e9 Sociale.<\/li>\n<li>R\u00e9vision de fiches de paye de l\u2019ann\u00e9e pr\u00e9c\u00e9dente.<\/li>\n<li>Certificat accr\u00e9ditant l\u2019\u00e9tat des paiements aupr\u00e8s de la s\u00e9curit\u00e9 Sociale et de l\u2019Administration Fiscale.<\/li>\n<li>Convention collective applicable.<\/li>\n<li>Explication et respect de la loi sur la pr\u00e9vention des risques au travail (Ley de Prevenci\u00f3n de Riesgos Laborales).<\/li>\n<li>Professions ind\u00e9pendantes ayant un possible lien avec le Droit du Travail<\/li>\n<\/ul>\n<p><strong>Cadres, G\u00e9rants\/Administrateurs et Conseil d\u2019Administration<\/strong><\/p>\n<ul>\n<li>Formalisation des contrats des Cadres.<\/li>\n<li>Clauses sp\u00e9ciales.<\/li>\n<li>Verrouillage de contrats.<\/li>\n<li>Mise en conformit\u00e9 avec la S\u00e9curit\u00e9 Sociale.<\/li>\n<li>R\u00e9mun\u00e9ration.<\/li>\n<li>Possible coexistence de fonctions sociales et statut d\u2019employ\u00e9, pr\u00e9vision statutaire de la dualit\u00e9 de fonctions<\/li>\n<\/ul>\n<p><strong>Licenciements<\/strong><\/p>\n<ul>\n<li>Conseil et assistance \u00e0 la m\u00e9diation aupr\u00e8s du Centre de M\u00e9diation, Arbitrage et Conciliation (CMAC).<\/li>\n<li>Conseil et assistance \u00e0 l\u2019audience.<\/li>\n<li>Dossiers disciplinaires.<\/li>\n<li>Extinction de contrat individuel.<\/li>\n<li>Licenciements collectifs<\/li>\n<\/ul>\n<p><strong>S\u00e9curit\u00e9 Sociale<\/strong><\/p>\n<p><\/br><\/p>\n<ul>\n<li>Au niveau national et communautaire.<\/li>\n<li>Action protectrice de la S\u00e9curit\u00e9 Sociale\u00a0: ch\u00f4mage, retraite, FOGASA, pensions de retraite, pension d\u2019orphelin ou de veuvage.<\/li>\n<\/ul>\n","protected":false},"excerpt":{"rendered":"<p>Le domaine du travail est une pi\u00e8ce ma\u00eetresse de la gestion et direction des soci\u00e9t\u00e9s dans le contexte actuel dans lequel op\u00e8rent les entreprises ayant des int\u00e9r\u00eats internationaux ainsi que pour les travailleurs transnationaux d\u00e9plac\u00e9s depuis leur pays d\u2019origine. Dans ce domaine, nous nous investissons avec beaucoup d\u2019intensit\u00e9 afin d\u2019aider notre client \u00e0 prendre la [&hellip;]<\/p>\n","protected":false},"author":1,"featured_media":2570,"parent":1814,"menu_order":5,"comment_status":"closed","ping_status":"closed","template":"services-template.php","meta":{"footnotes":""},"class_list":["post-2573","page","type-page","status-publish","has-post-thumbnail","hentry"],"_links":{"self":[{"href":"https:\/\/www.bresserslaw.com\/fr\/wp-json\/wp\/v2\/pages\/2573","targetHints":{"allow":["GET"]}}],"collection":[{"href":"https:\/\/www.bresserslaw.com\/fr\/wp-json\/wp\/v2\/pages"}],"about":[{"href":"https:\/\/www.bresserslaw.com\/fr\/wp-json\/wp\/v2\/types\/page"}],"author":[{"embeddable":true,"href":"https:\/\/www.bresserslaw.com\/fr\/wp-json\/wp\/v2\/users\/1"}],"replies":[{"embeddable":true,"href":"https:\/\/www.bresserslaw.com\/fr\/wp-json\/wp\/v2\/comments?post=2573"}],"version-history":[{"count":5,"href":"https:\/\/www.bresserslaw.com\/fr\/wp-json\/wp\/v2\/pages\/2573\/revisions"}],"predecessor-version":[{"id":2792,"href":"https:\/\/www.bresserslaw.com\/fr\/wp-json\/wp\/v2\/pages\/2573\/revisions\/2792"}],"up":[{"embeddable":true,"href":"https:\/\/www.bresserslaw.com\/fr\/wp-json\/wp\/v2\/pages\/1814"}],"wp:featuredmedia":[{"embeddable":true,"href":"https:\/\/www.bresserslaw.com\/fr\/wp-json\/wp\/v2\/media\/2570"}],"wp:attachment":[{"href":"https:\/\/www.bresserslaw.com\/fr\/wp-json\/wp\/v2\/media?parent=2573"}],"curies":[{"name":"wp","href":"https:\/\/api.w.org\/{rel}","templated":true}]}}