{"id":2528,"date":"2016-12-14T11:55:51","date_gmt":"2016-12-14T11:55:51","guid":{"rendered":"http:\/\/www.bresserslaw.com\/services\/family-and-inheritance-law-inheritances\/"},"modified":"2023-02-20T20:33:50","modified_gmt":"2023-02-20T20:33:50","slug":"droit-de-la-famille-et-successoral-heritage","status":"publish","type":"page","link":"https:\/\/www.bresserslaw.com\/fr\/services\/droit-de-la-famille-et-successoral-heritage\/","title":{"rendered":"Droit De La Famille Et Successoral | H\u00e9ritage"},"content":{"rendered":"<p>Les affaires de famille sont probablement celles qui rev\u00eatent le plus d\u2019importance dans la vie des personnes et plus sp\u00e9cialement lorsque l\u2019une des parties est \u00e9trang\u00e8re et vit dans un pays qui n\u2019est pas le sien. Dans ce domaine nous assistons nos clients avec la plus grande intensit\u00e9, d\u00e9licatesse et profondeur afin de l\u2019aider \u00e0 prendre les meilleures d\u00e9cisions dans ces situations de rupture familiale et sp\u00e9cialement lorsqu\u2019il existe des enfants mineurs. Nous gardons toujours \u00e0 l\u2019esprit, lors de notre intervention, l\u2019int\u00e9r\u00eat de l\u2019enfant.<\/p>\n<p>Nous sommes experts en Droit de la Famille et en Droit des Successions \u00e0 caract\u00e8re international depuis plus de 10 ans. Le fait d\u2019avoir aid\u00e9 beaucoup de familles en situation de rupture, nous permet d\u2019offrir \u00e0 nos clients un service personnalis\u00e9 bas\u00e9 sur une grande rigueur technique et sur la connaissance des pratiques habituelles en cas de crise matrimoniale de mariages mixtes. De la m\u00eame mani\u00e8re, nous couvrons toutes les n\u00e9cessit\u00e9s juridiques qu\u2019une famille peut avoir apr\u00e8s le d\u00e9c\u00e8s d\u2019un des siens.<\/p>\n<p>Notre \u00e9quipe hautement qualifi\u00e9e, aussi bien en Droit de la Famille qu\u2019en Droit des Successions, vous assistera et d\u00e9fendra vos int\u00e9r\u00eats apportant une valeur ajout\u00e9e, qui est celle de l\u2019exp\u00e9rience en mati\u00e8re de dossiers internationaux. Nous sommes conscients de l\u2019importance de chaque dossier pour les personnes impliqu\u00e9es et nous offrons un service personnalis\u00e9 dans votre langue maternelle.<\/p>\n<h2>SERVICES<\/h2>\n<p><strong>Droit\u00a0de la famille<\/strong><\/p>\n<ul>\n<li>Assistance en mati\u00e8re de s\u00e9paration, divorce par consentement mutuel ou contentieux.<\/li>\n<li>Assistance pr\u00e9alable au mariage relative au Droit de la Famille fran\u00e7ais, hollandais, espagnol et italien ainsi qu\u2019au droit international priv\u00e9.<\/li>\n<li>R\u00e9clamation transfronti\u00e8re de pensions.<\/li>\n<li>Attribution de garde de mineurs.<\/li>\n<li>Plan de parentalit\u00e9. Garde partag\u00e9e.<\/li>\n<li>R\u00e9gulation des relations de filiation.<\/li>\n<li>Droit de visites transfrontalier.<\/li>\n<li>R\u00e9gime de visites des grandsparents.<\/li>\n<li>Modification de mesures et inex\u00e9cution du r\u00e9gime de visites.<\/li>\n<li>R\u00e9clamation de paternit\u00e9 et de filiation.<\/li>\n<li>Assistance relative aux cons\u00e9quences \u00e9conomiques du divorce.<\/li>\n<li>Reconnaissance de jugements \u00e9trangers.<\/li>\n<li>Soustraction internationale de mineurs.<\/li>\n<li>D\u00e9claration d\u2019incapacit\u00e9.<\/li>\n<li>Nullit\u00e9 civile.<\/li>\n<li>Accords en pr\u00e9vision de rupture.<\/li>\n<li>R\u00e9daction de contrat de mariage.<\/li>\n<li>Liquidation de r\u00e9gime matrimonial et liquidation du patrimoine commun.<\/li>\n<\/ul>\n<p><strong>Droit des Successions | H\u00e9ritages<\/strong><\/p>\n<p><\/br><\/p>\n<ul>\n<li>Assistance l\u00e9gale dans le domaine du Droit des Successions national et international, incluant la planification l\u00e9gale et fiscale de la succession testamentaire.<\/li>\n<li>Assistance l\u00e9gale li\u00e9e \u00e0 la d\u00e9fense des int\u00e9r\u00eats h\u00e9r\u00e9ditaires aussi bien devant les tribunaux qu\u2019\u00e0 l\u2019ext\u00e9rieur dans le cadre d\u2019une n\u00e9gociation. R\u00e9clamation de r\u00e9serve h\u00e9r\u00e9ditaire et de legs. Contestation de testament et d\u00e9claration d\u2019h\u00e9ritiers.<\/li>\n<li>Intervention dans l\u2019administration l\u00e9gale d\u2019h\u00e9ritages.<\/li>\n<li>D\u00e9marches en tant qu\u2019ex\u00e9cuteurs testamentaires et repr\u00e9sentants d\u2019h\u00e9ritiers.<\/li>\n<li>Liquidation d\u2019imp\u00f4ts sur les successions et donations.<\/li>\n<li>Planification de la succession dans une entreprise familiale.<\/li>\n<\/ul>\n","protected":false},"excerpt":{"rendered":"<p>Les affaires de famille sont probablement celles qui rev\u00eatent le plus d\u2019importance dans la vie des personnes et plus sp\u00e9cialement lorsque l\u2019une des parties est \u00e9trang\u00e8re et vit dans un pays qui n\u2019est pas le sien. Dans ce domaine nous assistons nos clients avec la plus grande intensit\u00e9, d\u00e9licatesse et profondeur afin de l\u2019aider \u00e0 [&hellip;]<\/p>\n","protected":false},"author":1,"featured_media":41,"parent":1814,"menu_order":8,"comment_status":"closed","ping_status":"closed","template":"services-template.php","meta":{"footnotes":""},"class_list":["post-2528","page","type-page","status-publish","has-post-thumbnail","hentry"],"_links":{"self":[{"href":"https:\/\/www.bresserslaw.com\/fr\/wp-json\/wp\/v2\/pages\/2528","targetHints":{"allow":["GET"]}}],"collection":[{"href":"https:\/\/www.bresserslaw.com\/fr\/wp-json\/wp\/v2\/pages"}],"about":[{"href":"https:\/\/www.bresserslaw.com\/fr\/wp-json\/wp\/v2\/types\/page"}],"author":[{"embeddable":true,"href":"https:\/\/www.bresserslaw.com\/fr\/wp-json\/wp\/v2\/users\/1"}],"replies":[{"embeddable":true,"href":"https:\/\/www.bresserslaw.com\/fr\/wp-json\/wp\/v2\/comments?post=2528"}],"version-history":[{"count":3,"href":"https:\/\/www.bresserslaw.com\/fr\/wp-json\/wp\/v2\/pages\/2528\/revisions"}],"predecessor-version":[{"id":2780,"href":"https:\/\/www.bresserslaw.com\/fr\/wp-json\/wp\/v2\/pages\/2528\/revisions\/2780"}],"up":[{"embeddable":true,"href":"https:\/\/www.bresserslaw.com\/fr\/wp-json\/wp\/v2\/pages\/1814"}],"wp:featuredmedia":[{"embeddable":true,"href":"https:\/\/www.bresserslaw.com\/fr\/wp-json\/wp\/v2\/media\/41"}],"wp:attachment":[{"href":"https:\/\/www.bresserslaw.com\/fr\/wp-json\/wp\/v2\/media?parent=2528"}],"curies":[{"name":"wp","href":"https:\/\/api.w.org\/{rel}","templated":true}]}}