{"id":2506,"date":"2016-12-14T12:07:41","date_gmt":"2016-12-14T12:07:41","guid":{"rendered":"http:\/\/www.bresserslaw.com\/services\/derecho-procesal\/"},"modified":"2023-02-20T20:37:20","modified_gmt":"2023-02-20T20:37:20","slug":"procedure-civile-et-penale","status":"publish","type":"page","link":"https:\/\/www.bresserslaw.com\/fr\/services\/procedure-civile-et-penale\/","title":{"rendered":"Proc\u00e9dure Civile Et P\u00e9nale"},"content":{"rendered":"<p>Le d\u00e9partement de Droit Proc\u00e9dural est sp\u00e9cialis\u00e9 dans la r\u00e9solution de conflits aupr\u00e8s des tribunaux Espagnols, Hollandais, Fran\u00e7ais et Italiens et nous sommes reconnus par nos clients dans cette branche.<\/p>\n<p>Nous assistons et repr\u00e9sentons nos clients \u00e9galement dans le cadre de proc\u00e9dures arbitrales aussi bien nationales, qu\u2019internationales. Nous compl\u00e9tons nos services juridiques avec un syst\u00e8me permanent d\u2019information, transparence et traitement personnalis\u00e9 du client.<\/p>\n","protected":false},"excerpt":{"rendered":"<p>Le d\u00e9partement de Droit Proc\u00e9dural est sp\u00e9cialis\u00e9 dans la r\u00e9solution de conflits aupr\u00e8s des tribunaux Espagnols, Hollandais, Fran\u00e7ais et Italiens et nous sommes reconnus par nos clients dans cette branche. Nous assistons et repr\u00e9sentons nos clients \u00e9galement dans le cadre de proc\u00e9dures arbitrales aussi bien nationales, qu\u2019internationales. Nous compl\u00e9tons nos services juridiques avec un syst\u00e8me [&hellip;]<\/p>\n","protected":false},"author":1,"featured_media":95,"parent":1814,"menu_order":4,"comment_status":"closed","ping_status":"closed","template":"services-template.php","meta":{"footnotes":""},"class_list":["post-2506","page","type-page","status-publish","has-post-thumbnail","hentry"],"_links":{"self":[{"href":"https:\/\/www.bresserslaw.com\/fr\/wp-json\/wp\/v2\/pages\/2506","targetHints":{"allow":["GET"]}}],"collection":[{"href":"https:\/\/www.bresserslaw.com\/fr\/wp-json\/wp\/v2\/pages"}],"about":[{"href":"https:\/\/www.bresserslaw.com\/fr\/wp-json\/wp\/v2\/types\/page"}],"author":[{"embeddable":true,"href":"https:\/\/www.bresserslaw.com\/fr\/wp-json\/wp\/v2\/users\/1"}],"replies":[{"embeddable":true,"href":"https:\/\/www.bresserslaw.com\/fr\/wp-json\/wp\/v2\/comments?post=2506"}],"version-history":[{"count":3,"href":"https:\/\/www.bresserslaw.com\/fr\/wp-json\/wp\/v2\/pages\/2506\/revisions"}],"predecessor-version":[{"id":2786,"href":"https:\/\/www.bresserslaw.com\/fr\/wp-json\/wp\/v2\/pages\/2506\/revisions\/2786"}],"up":[{"embeddable":true,"href":"https:\/\/www.bresserslaw.com\/fr\/wp-json\/wp\/v2\/pages\/1814"}],"wp:featuredmedia":[{"embeddable":true,"href":"https:\/\/www.bresserslaw.com\/fr\/wp-json\/wp\/v2\/media\/95"}],"wp:attachment":[{"href":"https:\/\/www.bresserslaw.com\/fr\/wp-json\/wp\/v2\/media?parent=2506"}],"curies":[{"name":"wp","href":"https:\/\/api.w.org\/{rel}","templated":true}]}}