{"id":2500,"date":"2016-12-14T12:06:58","date_gmt":"2016-12-14T12:06:58","guid":{"rendered":"http:\/\/www.bresserslaw.com\/services\/derecho-penal\/"},"modified":"2023-02-20T20:39:36","modified_gmt":"2023-02-20T20:39:36","slug":"droit-penal","status":"publish","type":"page","link":"https:\/\/www.bresserslaw.com\/fr\/services\/droit-penal\/","title":{"rendered":"Droit P\u00e9nal"},"content":{"rendered":"<p>Le d\u00e9partement de Droit P\u00e9nal couvre l\u2019ensemble des infractions p\u00e9nales mentionn\u00e9es dans notre Code P\u00e9nal. Nous avons une grande exp\u00e9rience professionnelle dans la d\u00e9fense des int\u00e9r\u00eats des personnes physiques et juridiques, et sp\u00e9cialement en ce qui concerne les dossiers relatifs \u00e0 des \u00e9trangers impliqu\u00e9s dans des proc\u00e9dures judiciaires.<\/p>\n<p>Notre \u00e9quipe concilie les exigences propres \u00e0 un contexte toujours plus complexe et international, avec un traitement proche du client afin de lui fournir la strat\u00e9gie judiciaire la plus adapt\u00e9e. Actuellement, nous mettons l\u2019accent sur la d\u00e9fense des int\u00e9r\u00eats de nos clients quant \u00e0 la nouvelle r\u00e9gulation relative \u00e0 la responsabilit\u00e9 p\u00e9nale des personnes juridiques.<\/p>\n<h2>SERVICES<\/h2>\n<ul>\n<li>Assistance l\u00e9gale et assistance judiciaire en mati\u00e8re p\u00e9nale.<\/li>\n<li>Attention sp\u00e9ciale aux \u00e9trangers impliqu\u00e9s par les Procureurs espagnols.<\/li>\n<li>Repr\u00e9sentation et d\u00e9fense des victimes de d\u00e9lits aupr\u00e8s des tribunaux espagnols.<\/li>\n<li>Jugements rapides, accidents de la circulation et autres d\u00e9lits contre les personnes.<\/li>\n<li>Assistance quant aux demandes d\u2019extradition entre l\u2019Espagne d\u2019un c\u00f4t\u00e9 et la Hollande, la France et l\u2019Italie de l\u2019autre.<\/li>\n<li>D\u00e9lits soci\u00e9taires. Droit P\u00e9nal des Entreprises.<\/li>\n<li>D\u00e9lits contre le patrimoine et contre l\u2019ordre socio\u00e9conomique.<\/li>\n<li>Blanchiment de capitaux.<\/li>\n<li>D\u00e9lits contre l\u2019Administration Publique et contre le Pouvoir Judiciaire.<\/li>\n<li>D\u00e9lits contre l\u2019Administration Fiscale et la S\u00e9curit\u00e9 Sociale.<\/li>\n<li>D\u00e9lits contre la S\u00e9curit\u00e9 et la Sant\u00e9 au Travail.<\/li>\n<li>D\u00e9lits contre l\u2019environnement.<\/li>\n<li>D\u00e9lits conte l\u2019intimit\u00e9 et l\u2019honneur.<\/li>\n<li>D\u00e9lits contre le march\u00e9 et les consommateurs.<\/li>\n<\/ul>\n","protected":false},"excerpt":{"rendered":"<p>Le d\u00e9partement de Droit P\u00e9nal couvre l\u2019ensemble des infractions p\u00e9nales mentionn\u00e9es dans notre Code P\u00e9nal. Nous avons une grande exp\u00e9rience professionnelle dans la d\u00e9fense des int\u00e9r\u00eats des personnes physiques et juridiques, et sp\u00e9cialement en ce qui concerne les dossiers relatifs \u00e0 des \u00e9trangers impliqu\u00e9s dans des proc\u00e9dures judiciaires. Notre \u00e9quipe concilie les exigences propres \u00e0 [&hellip;]<\/p>\n","protected":false},"author":1,"featured_media":86,"parent":1814,"menu_order":10,"comment_status":"closed","ping_status":"closed","template":"services-template.php","meta":{"footnotes":""},"class_list":["post-2500","page","type-page","status-publish","has-post-thumbnail","hentry"],"_links":{"self":[{"href":"https:\/\/www.bresserslaw.com\/fr\/wp-json\/wp\/v2\/pages\/2500","targetHints":{"allow":["GET"]}}],"collection":[{"href":"https:\/\/www.bresserslaw.com\/fr\/wp-json\/wp\/v2\/pages"}],"about":[{"href":"https:\/\/www.bresserslaw.com\/fr\/wp-json\/wp\/v2\/types\/page"}],"author":[{"embeddable":true,"href":"https:\/\/www.bresserslaw.com\/fr\/wp-json\/wp\/v2\/users\/1"}],"replies":[{"embeddable":true,"href":"https:\/\/www.bresserslaw.com\/fr\/wp-json\/wp\/v2\/comments?post=2500"}],"version-history":[{"count":3,"href":"https:\/\/www.bresserslaw.com\/fr\/wp-json\/wp\/v2\/pages\/2500\/revisions"}],"predecessor-version":[{"id":2790,"href":"https:\/\/www.bresserslaw.com\/fr\/wp-json\/wp\/v2\/pages\/2500\/revisions\/2790"}],"up":[{"embeddable":true,"href":"https:\/\/www.bresserslaw.com\/fr\/wp-json\/wp\/v2\/pages\/1814"}],"wp:featuredmedia":[{"embeddable":true,"href":"https:\/\/www.bresserslaw.com\/fr\/wp-json\/wp\/v2\/media\/86"}],"wp:attachment":[{"href":"https:\/\/www.bresserslaw.com\/fr\/wp-json\/wp\/v2\/media?parent=2500"}],"curies":[{"name":"wp","href":"https:\/\/api.w.org\/{rel}","templated":true}]}}