{"id":2494,"date":"2016-12-14T12:04:51","date_gmt":"2016-12-14T12:04:51","guid":{"rendered":"http:\/\/www.bresserslaw.com\/services\/derecho-mercantil-y-societario\/"},"modified":"2023-02-20T20:36:04","modified_gmt":"2023-02-20T20:36:04","slug":"droit-commercial","status":"publish","type":"page","link":"https:\/\/www.bresserslaw.com\/fr\/services\/droit-commercial\/","title":{"rendered":"Droit commercial"},"content":{"rendered":"<p>Les op\u00e9rations commerciales et soci\u00e9taires sont probablement celles qui rev\u00eatent le plus d\u2019importance dans l\u2019\u00e9conomie des entreprises, et sp\u00e9cialement, lorsqu\u2019elles sont men\u00e9es dans un pays dont elles m\u00e9connaissent le droit, les us et coutumes. C\u2019est pour cette raison qu\u2019il est indispensable de pouvoir compter sur une assistance juridique compl\u00e8te, dans sa propre langue et culture anticipant ainsi, les possibles conflits qui pourraient surgir, leur donnant une solution efficace et d\u00e9finitive.<\/p>\n<p>Nous sommes sp\u00e9cialistes dans l\u2019assistance aux clients internationaux en mati\u00e8re de transactions commerciales et soci\u00e9taires depuis plus de 10 ans. Nous sommes intervenus dans bon nombre d\u2019op\u00e9rations d\u2019une complexit\u00e9 technique certaine, ce qui nous permet d\u2019offrir \u00e0 nos clients un service personnalis\u00e9 bas\u00e9 sur une profonde rigueur technique et sur les connaissances des pratiques habituelles du march\u00e9.<\/p>\n<p>Notre \u00e9quipe d\u2019avocats vous assistera lors de toutes les op\u00e9rations commerciales et soci\u00e9taires de votre entreprise, ainsi qu\u2019\u00e0 la conclusion de contrats ou d\u00e9marches n\u00e9cessaires \u00e0 la r\u00e9alisation de vos projets. Nous nous appuyons sur une vaste exp\u00e9rience en Droit des Affaires et nous sommes sp\u00e9cialis\u00e9s dans l\u2019assistance et la gestion de dossiers relatifs au droit des soci\u00e9t\u00e9s \u00e0 caract\u00e8re international.<\/p>\n<h2>SERVICES<\/h2>\n<ul>\n<li>Assistance et conseil lors de la constitution de soci\u00e9t\u00e9s, filiales et succursales.<\/li>\n<li>Assistance pour l\u2019\u00e9tablissement de filiales \u00e0 l\u2019\u00e9tranger.<\/li>\n<li>Acquisition et vente de soci\u00e9t\u00e9s, branches d\u2019activit\u00e9 et actifs.<\/li>\n<li>Assistance lors d\u2019op\u00e9rations soci\u00e9taires.<\/li>\n<li>Achat\/vente d\u2019actions et de parts sociales.<\/li>\n<li>Augmentation et diminution de capital.<\/li>\n<li>Fusion et autres modifications structurelles de soci\u00e9t\u00e9s.<\/li>\n<li>Formalisation d\u2019accords soci\u00e9taires\u00a0: joint venture, soci\u00e9t\u00e9 civile, communaut\u00e9 de biens et pactes parasociaux.<\/li>\n<li>Assistance et \u00e9laboration de Protocoles Familiers.<\/li>\n<li>Dissolution et liquidation de soci\u00e9t\u00e9s.<\/li>\n<li>Concours de cr\u00e9anciers.<\/li>\n<li>Responsabilit\u00e9 des Administrateurs\/G\u00e9rants soci\u00e9taires.<\/li>\n<li>Contestation d\u2019Accords Sociaux, d\u00e9fense des int\u00e9r\u00eats minoritaires soci\u00e9taires. D\u00e9fense des int\u00e9r\u00eats de l\u2019Assembl\u00e9es des Actionnaires.<\/li>\n<li>R\u00e9clamation et recouvrement de dettes.<\/li>\n<li>Contrats de repr\u00e9sentation et distribution commerciale\u00a0: contrat d\u2019agence, concessions et franchises.<\/li>\n<li>Contrat de vente de marchandises au niveau national, intracommunautaire et extracommunautaire.<\/li>\n<li>Contrats de Propri\u00e9t\u00e9 Intellectuelle et Industrielle\u00a0: marques, brevets et mod\u00e8les d\u2019utilit\u00e9.<\/li>\n<li>Contrats de garanties et contregaranties, cautions et avals.<\/li>\n<li>Contrats de pr\u00eats commerciaux, leasing ou cr\u00e9ditbail.<\/li>\n<li>Contrats d\u2019ex\u00e9cution de travaux, prestation de services, ing\u00e9nierie et outsourcing.<\/li>\n<li>Contrats de transport et services logistiques.<\/li>\n<li>Contrat d\u2019acquisition de software, hardware, ecommerce.<\/li>\n<li>Tenue de livres soci\u00e9taires.<\/li>\n<li>Inscription et d\u00e9marches aupr\u00e8s du Registre du Commerce et des Soci\u00e9t\u00e9s<\/li>\n<\/ul>\n","protected":false},"excerpt":{"rendered":"<p>Les op\u00e9rations commerciales et soci\u00e9taires sont probablement celles qui rev\u00eatent le plus d\u2019importance dans l\u2019\u00e9conomie des entreprises, et sp\u00e9cialement, lorsqu\u2019elles sont men\u00e9es dans un pays dont elles m\u00e9connaissent le droit, les us et coutumes. C\u2019est pour cette raison qu\u2019il est indispensable de pouvoir compter sur une assistance juridique compl\u00e8te, dans sa propre langue et culture [&hellip;]<\/p>\n","protected":false},"author":1,"featured_media":72,"parent":1814,"menu_order":2,"comment_status":"closed","ping_status":"closed","template":"services-template.php","meta":{"footnotes":""},"class_list":["post-2494","page","type-page","status-publish","has-post-thumbnail","hentry"],"_links":{"self":[{"href":"https:\/\/www.bresserslaw.com\/fr\/wp-json\/wp\/v2\/pages\/2494","targetHints":{"allow":["GET"]}}],"collection":[{"href":"https:\/\/www.bresserslaw.com\/fr\/wp-json\/wp\/v2\/pages"}],"about":[{"href":"https:\/\/www.bresserslaw.com\/fr\/wp-json\/wp\/v2\/types\/page"}],"author":[{"embeddable":true,"href":"https:\/\/www.bresserslaw.com\/fr\/wp-json\/wp\/v2\/users\/1"}],"replies":[{"embeddable":true,"href":"https:\/\/www.bresserslaw.com\/fr\/wp-json\/wp\/v2\/comments?post=2494"}],"version-history":[{"count":3,"href":"https:\/\/www.bresserslaw.com\/fr\/wp-json\/wp\/v2\/pages\/2494\/revisions"}],"predecessor-version":[{"id":2784,"href":"https:\/\/www.bresserslaw.com\/fr\/wp-json\/wp\/v2\/pages\/2494\/revisions\/2784"}],"up":[{"embeddable":true,"href":"https:\/\/www.bresserslaw.com\/fr\/wp-json\/wp\/v2\/pages\/1814"}],"wp:featuredmedia":[{"embeddable":true,"href":"https:\/\/www.bresserslaw.com\/fr\/wp-json\/wp\/v2\/media\/72"}],"wp:attachment":[{"href":"https:\/\/www.bresserslaw.com\/fr\/wp-json\/wp\/v2\/media?parent=2494"}],"curies":[{"name":"wp","href":"https:\/\/api.w.org\/{rel}","templated":true}]}}