{"id":2488,"date":"2016-12-14T12:10:54","date_gmt":"2016-12-14T12:10:54","guid":{"rendered":"http:\/\/www.bresserslaw.com\/services\/derecho-internacional-privado\/"},"modified":"2023-02-20T20:35:13","modified_gmt":"2023-02-20T20:35:13","slug":"droit-international-prive","status":"publish","type":"page","link":"https:\/\/www.bresserslaw.com\/fr\/services\/droit-international-prive\/","title":{"rendered":"Droit International Priv\u00e9"},"content":{"rendered":"<p>La globalisation implique que, de plus en plus, plusieurs pays se voient impliqu\u00e9s tant dans les relations personnelles que professionnelles. Cette complexit\u00e9 sociale fait en sorte que le Droit International ait de plus en plus d\u2019importance. Il s\u2019agit de la branche du droit qui r\u00e9gule les relations juridiques entre particuliers ou entreprises lorsqu\u2019il existe un \u00e9l\u00e9ment transfrontalier.<\/p>\n<p>Nous sommes experts et pionniers dans ce domaine. Nos avocats, sp\u00e9cialistes dans ce domaine, vous assisteront dans votre propre langue et r\u00e9pondront \u00e0 vos doutes, notamment en ce qui concerne la comp\u00e9tence des Tribunaux de l\u2019\u00c9tat aupr\u00e8s desquels devra \u00eatre pr\u00e9sent\u00e9 votre dossier ou les lois applicables pour le r\u00e9soudre.<\/p>\n<h2>SERVICES<\/h2>\n<ul>\n<li>Assistance l\u00e9gale pour la reconnaissance et l\u2019ex\u00e9cution de jugements ou sentences arbitrales \u00e9trangers.<\/li>\n<li>Assistance et sollicitude de saisie pr\u00e9ventive.<\/li>\n<li>Assistance et sollicitude d\u2019ex\u00e9cution transfronti\u00e8re.<\/li>\n<li>Droit d\u2019asile.<\/li>\n<li>Proc\u00e9dures d\u2019extradition.<\/li>\n<li>Autorisations de r\u00e9sidence.<\/li>\n<li>D\u00e9placements et changements de pays.<\/li>\n<li>Recrutement d\u2019entreprises \u00e9trang\u00e8res en Espagne.<\/li>\n<li>Recrutement d\u2019entreprises espagnoles \u00e0 l\u2019\u00e9tranger.<\/li>\n<li>Rapports professionnels des expatri\u00e9s avec leur entreprise d\u2019origine.<\/li>\n<li>Assistance aux entreprises d\u00e9sirant investir en Espagne.<\/li>\n<\/ul>\n","protected":false},"excerpt":{"rendered":"<p>La globalisation implique que, de plus en plus, plusieurs pays se voient impliqu\u00e9s tant dans les relations personnelles que professionnelles. Cette complexit\u00e9 sociale fait en sorte que le Droit International ait de plus en plus d\u2019importance. Il s\u2019agit de la branche du droit qui r\u00e9gule les relations juridiques entre particuliers ou entreprises lorsqu\u2019il existe un [&hellip;]<\/p>\n","protected":false},"author":1,"featured_media":113,"parent":1814,"menu_order":0,"comment_status":"closed","ping_status":"closed","template":"services-template.php","meta":{"footnotes":""},"class_list":["post-2488","page","type-page","status-publish","has-post-thumbnail","hentry"],"_links":{"self":[{"href":"https:\/\/www.bresserslaw.com\/fr\/wp-json\/wp\/v2\/pages\/2488","targetHints":{"allow":["GET"]}}],"collection":[{"href":"https:\/\/www.bresserslaw.com\/fr\/wp-json\/wp\/v2\/pages"}],"about":[{"href":"https:\/\/www.bresserslaw.com\/fr\/wp-json\/wp\/v2\/types\/page"}],"author":[{"embeddable":true,"href":"https:\/\/www.bresserslaw.com\/fr\/wp-json\/wp\/v2\/users\/1"}],"replies":[{"embeddable":true,"href":"https:\/\/www.bresserslaw.com\/fr\/wp-json\/wp\/v2\/comments?post=2488"}],"version-history":[{"count":3,"href":"https:\/\/www.bresserslaw.com\/fr\/wp-json\/wp\/v2\/pages\/2488\/revisions"}],"predecessor-version":[{"id":2782,"href":"https:\/\/www.bresserslaw.com\/fr\/wp-json\/wp\/v2\/pages\/2488\/revisions\/2782"}],"up":[{"embeddable":true,"href":"https:\/\/www.bresserslaw.com\/fr\/wp-json\/wp\/v2\/pages\/1814"}],"wp:featuredmedia":[{"embeddable":true,"href":"https:\/\/www.bresserslaw.com\/fr\/wp-json\/wp\/v2\/media\/113"}],"wp:attachment":[{"href":"https:\/\/www.bresserslaw.com\/fr\/wp-json\/wp\/v2\/media?parent=2488"}],"curies":[{"name":"wp","href":"https:\/\/api.w.org\/{rel}","templated":true}]}}