{"id":2481,"date":"2016-12-14T12:05:39","date_gmt":"2016-12-14T12:05:39","guid":{"rendered":"http:\/\/www.bresserslaw.com\/services\/derecho-fiscal\/"},"modified":"2023-02-20T20:38:53","modified_gmt":"2023-02-20T20:38:53","slug":"droit-fiscal","status":"publish","type":"page","link":"https:\/\/www.bresserslaw.com\/fr\/services\/droit-fiscal\/","title":{"rendered":"Droit Fiscal"},"content":{"rendered":"<p>Les questions fiscales sont probablement celles qui ont la plus grande importance dans l\u2019\u00e9conomie des entreprises et des particuliers, et sp\u00e9cialement lorsqu\u2019il s\u2019agit d\u2019un pays dont le droit et les us et coutumes sont m\u00e9connus par le client. C\u2019est pourquoi il est indispensable de pouvoir compter sur une assistance juridique compl\u00e8te, anticipant ainsi, les possibles conflits qui pourraient surgir, leur donnant une solution efficace et d\u00e9finitive. Nous consid\u00e9rons fondamentale la r\u00e9alisation d\u2019une planification fiscale optimale selon les n\u00e9cessit\u00e9s de chaque client.<\/p>\n<p>Nous proposons des services d\u2019assistance permanente ou ponctuelle en mati\u00e8re de Droit Fiscal afin d\u2019accompagner notre client lors de l\u2019ex\u00e9cution de ses obligations comptables, formelles et fiscales. Notre \u00e9quipe pr\u00eate ses services aussi bien aux entreprises nationales et internationales qu\u2019aux particuliers, dans les diff\u00e9rentes branches du Droit Fiscal. Bien \u00e9videmment, nous recherchons toujours la strat\u00e9gie la plus adapt\u00e9e \u00e0 chaque situation afin de maximiser sa position fiscale.<\/p>\n<h2>SERVICES FISCAUX<\/h2>\n<ul>\n<li>\u00c9tude d\u2019ant\u00e9c\u00e9dents et mise \u00e0 jour de la situation fiscale de la soci\u00e9t\u00e9.<\/li>\n<li>Conseil, pr\u00e9sentation et liquidation d\u2019imp\u00f4ts.<\/li>\n<li>Imp\u00f4t sur les Soci\u00e9t\u00e9s.<\/li>\n<li>Imp\u00f4t sur le revenu (IRPF).<\/li>\n<li>Imp\u00f4t sur le Patrimoine.<\/li>\n<li>Taxe sur la Valeur Ajout\u00e9e (IVA \u2013 Impuesto sobre el Valor A\u00f1adido).<\/li>\n<li>Imp\u00f4t sur les Transmissions et Actes Juridiques document\u00e9s (AJD).<\/li>\n<li>Successions et Donations.<\/li>\n<li>Imp\u00f4ts locaux (IBI Imp\u00f4t sur les Biens Immeubles, Imp\u00f4ts sur les Activit\u00e9s \u00c9conomiques \u2013 IAE, Plusvalue, etc.).<\/li>\n<li>Taxes et prix publics.<\/li>\n<li>Planification fiscale.<\/li>\n<li>D\u00e9fense en cas d\u2019inspection.<\/li>\n<li>Conseil quant aux avantages fiscaux du r\u00e9investissement immobilier.<\/li>\n<li>Repr\u00e9sentation lors de litiges d\u2019ordre fiscal.<\/li>\n<li>Fiscalit\u00e9 nationale et internationale des personnes physiques et juridiques.<\/li>\n<li>Assistance quant \u00e0 tout ce qui est li\u00e9 \u00e0 l\u2019Administration Fiscale.<\/li>\n<li>\u00a0Contrats de Propri\u00e9t\u00e9 Intellectuelle et Industrielle\u00a0: marques, brevets et mod\u00e8les d\u2019utilit\u00e9.<\/li>\n<li>\u00a0Contrats de garanties et contregaranties, cautions et avals.<\/li>\n<li>\u00a0Contrats de pr\u00eats commerciaux, leasing ou cr\u00e9ditbail.<\/li>\n<li>\u00a0Contrats d\u2019ex\u00e9cution de travaux, prestation de services, ing\u00e9nierie et outsourcing.<\/li>\n<li>\u00a0Contrats de transport et services logistiques.<\/li>\n<li>\u00a0Contrat d\u2019acquisition de software, hardware, ecommerce.<\/li>\n<li>\u00a0Tenue de livres soci\u00e9taires.<\/li>\n<li>Inscription et d\u00e9marches aupr\u00e8s du Registre du Commerce et des Soci\u00e9t\u00e9s<\/li>\n<\/ul>\n<h2>SERVICES D\u2019ASSISTANCE COMPTABLE ET FINANCI\u00c8RE<\/h2>\n<p><strong>Notre d\u00e9partement d\u2019assistance et de gestion comptable offre les services suivants :<\/strong><\/p>\n<\/p>\n<ul>\n<li>Tenue de la comptabilit\u00e9 et cl\u00f4tures comptables p\u00e9riodiques.<\/li>\n<li>Supervision, et r\u00e9vision des cl\u00f4tures p\u00e9riodiques.<\/li>\n<li>Planification, suivi, contr\u00f4le et conseil sur les quantit\u00e9s en attente de paiement.<\/li>\n<li>Conseil financier\u00a0: optimisation du co\u00fbt de la dette.<\/li>\n<li>Pr\u00e9sentation de cl\u00f4tures comptables et analytiques. Diagnostic et conclusions.<\/li>\n<li>Analyse des co\u00fbts.<\/li>\n<li>\u00c9laboration des budgets.<\/li>\n<\/ul>\n","protected":false},"excerpt":{"rendered":"<p>Les questions fiscales sont probablement celles qui ont la plus grande importance dans l\u2019\u00e9conomie des entreprises et des particuliers, et sp\u00e9cialement lorsqu\u2019il s\u2019agit d\u2019un pays dont le droit et les us et coutumes sont m\u00e9connus par le client. C\u2019est pourquoi il est indispensable de pouvoir compter sur une assistance juridique compl\u00e8te, anticipant ainsi, les possibles [&hellip;]<\/p>\n","protected":false},"author":1,"featured_media":77,"parent":1814,"menu_order":8,"comment_status":"closed","ping_status":"closed","template":"services-template.php","meta":{"footnotes":""},"class_list":["post-2481","page","type-page","status-publish","has-post-thumbnail","hentry"],"_links":{"self":[{"href":"https:\/\/www.bresserslaw.com\/fr\/wp-json\/wp\/v2\/pages\/2481","targetHints":{"allow":["GET"]}}],"collection":[{"href":"https:\/\/www.bresserslaw.com\/fr\/wp-json\/wp\/v2\/pages"}],"about":[{"href":"https:\/\/www.bresserslaw.com\/fr\/wp-json\/wp\/v2\/types\/page"}],"author":[{"embeddable":true,"href":"https:\/\/www.bresserslaw.com\/fr\/wp-json\/wp\/v2\/users\/1"}],"replies":[{"embeddable":true,"href":"https:\/\/www.bresserslaw.com\/fr\/wp-json\/wp\/v2\/comments?post=2481"}],"version-history":[{"count":3,"href":"https:\/\/www.bresserslaw.com\/fr\/wp-json\/wp\/v2\/pages\/2481\/revisions"}],"predecessor-version":[{"id":2788,"href":"https:\/\/www.bresserslaw.com\/fr\/wp-json\/wp\/v2\/pages\/2481\/revisions\/2788"}],"up":[{"embeddable":true,"href":"https:\/\/www.bresserslaw.com\/fr\/wp-json\/wp\/v2\/pages\/1814"}],"wp:featuredmedia":[{"embeddable":true,"href":"https:\/\/www.bresserslaw.com\/fr\/wp-json\/wp\/v2\/media\/77"}],"wp:attachment":[{"href":"https:\/\/www.bresserslaw.com\/fr\/wp-json\/wp\/v2\/media?parent=2481"}],"curies":[{"name":"wp","href":"https:\/\/api.w.org\/{rel}","templated":true}]}}