{"id":2475,"date":"2016-11-30T11:22:21","date_gmt":"2016-11-30T11:22:21","guid":{"rendered":"http:\/\/www.bresserslaw.com\/services\/derecho-administrativo\/"},"modified":"2023-02-20T20:39:15","modified_gmt":"2023-02-20T20:39:15","slug":"derecho-administrativo","status":"publish","type":"page","link":"https:\/\/www.bresserslaw.com\/fr\/services\/derecho-administrativo\/","title":{"rendered":"Droit Administratif"},"content":{"rendered":"<p>Notre d\u00e9partement de Droit Administratif propose \u00e0 nos clients, entreprises ou particuliers, une assistance juridique dans le cadre de leurs relations avec les administrations publiques. Notre \u00e9quipe vous aidera \u00e0 faire face \u00e0 la complexit\u00e9 que supposent les relations avec les diff\u00e9rentes administrations.<\/p>\n<p>Nous disposons d\u2019une \u00e9quipe internationale d\u2019avocats qui connaissent \u00e0 la perfection le Droit Administratif et qui vous aideront dans la recherche de solutions juridiques affectant les agents intervenant dans les op\u00e9rations ayant une incidence dans la sph\u00e8re publique. Nous \u00e9laborons des rapports en ce qui concerne les diff\u00e9rentes aires administratives, nous assurerons votre d\u00e9fense dans tous types de proc\u00e9dures administratives.<\/p>\n<h2>SERVICES<\/h2>\n<ul>\n<li>D\u00e9fense des droits des citoyens face \u00e0 l\u2019Administration.<\/li>\n<li>Recours administratifs en mati\u00e8re de sanctions routi\u00e8res et transports.<\/li>\n<li>Interposition de recours et r\u00e9clamations en voie administrative.<\/li>\n<li>Recours contentieux administratifs.<\/li>\n<li>Droit Urbanistique.<\/li>\n<li>Expropriation forc\u00e9e.<\/li>\n<li>R\u00e9clamations de responsabilit\u00e9 patrimoniale de l\u2019Administration.<\/li>\n<li>Appels de tiers \u00e0 la proc\u00e9dure administrative.<\/li>\n<li>Sollicitude et obtention de Licences administratives.<\/li>\n<li>Recours en proc\u00e9dure contentieuse administrative.<\/li>\n<li>Repr\u00e9sentation du client aupr\u00e8s des administrations.<\/li>\n<\/ul>\n","protected":false},"excerpt":{"rendered":"<p>Notre d\u00e9partement de Droit Administratif propose \u00e0 nos clients, entreprises ou particuliers, une assistance juridique dans le cadre de leurs relations avec les administrations publiques. Notre \u00e9quipe vous aidera \u00e0 faire face \u00e0 la complexit\u00e9 que supposent les relations avec les diff\u00e9rentes administrations. Nous disposons d\u2019une \u00e9quipe internationale d\u2019avocats qui connaissent \u00e0 la perfection le [&hellip;]<\/p>\n","protected":false},"author":1,"featured_media":23,"parent":1814,"menu_order":9,"comment_status":"closed","ping_status":"closed","template":"services-template.php","meta":{"footnotes":""},"class_list":["post-2475","page","type-page","status-publish","has-post-thumbnail","hentry"],"_links":{"self":[{"href":"https:\/\/www.bresserslaw.com\/fr\/wp-json\/wp\/v2\/pages\/2475","targetHints":{"allow":["GET"]}}],"collection":[{"href":"https:\/\/www.bresserslaw.com\/fr\/wp-json\/wp\/v2\/pages"}],"about":[{"href":"https:\/\/www.bresserslaw.com\/fr\/wp-json\/wp\/v2\/types\/page"}],"author":[{"embeddable":true,"href":"https:\/\/www.bresserslaw.com\/fr\/wp-json\/wp\/v2\/users\/1"}],"replies":[{"embeddable":true,"href":"https:\/\/www.bresserslaw.com\/fr\/wp-json\/wp\/v2\/comments?post=2475"}],"version-history":[{"count":3,"href":"https:\/\/www.bresserslaw.com\/fr\/wp-json\/wp\/v2\/pages\/2475\/revisions"}],"predecessor-version":[{"id":2789,"href":"https:\/\/www.bresserslaw.com\/fr\/wp-json\/wp\/v2\/pages\/2475\/revisions\/2789"}],"up":[{"embeddable":true,"href":"https:\/\/www.bresserslaw.com\/fr\/wp-json\/wp\/v2\/pages\/1814"}],"wp:featuredmedia":[{"embeddable":true,"href":"https:\/\/www.bresserslaw.com\/fr\/wp-json\/wp\/v2\/media\/23"}],"wp:attachment":[{"href":"https:\/\/www.bresserslaw.com\/fr\/wp-json\/wp\/v2\/media?parent=2475"}],"curies":[{"name":"wp","href":"https:\/\/api.w.org\/{rel}","templated":true}]}}