{"id":2243,"date":"2016-11-30T14:59:05","date_gmt":"2016-11-30T14:59:05","guid":{"rendered":"http:\/\/www.bresserslaw.com\/equipe\/"},"modified":"2023-02-21T11:19:45","modified_gmt":"2023-02-21T11:19:45","slug":"equipe","status":"publish","type":"page","link":"https:\/\/www.bresserslaw.com\/fr\/equipe\/","title":{"rendered":"\u00c9quipe"},"content":{"rendered":"<p>\u00c0 Bressers Law nous disposons d\u2019une \u00e9quipe compos\u00e9e de personnes de diff\u00e9rentes nationalit\u00e9s form\u00e9e principalement de dipl\u00f4m\u00e9s en Droit, mais aussi en \u00e9conomie, en gestion et direction d\u2019entreprises et en communication, afin de r\u00e9pondre\u00a0 \u00e0 nos clients de la mani\u00e8re la plus compl\u00e8te possible. De plus, tous nos professionnels ont une exp\u00e9rience professionnelle \u00e0 l\u2019\u00e9tranger et parlent au minimum trois langues.<\/p>\n","protected":false},"excerpt":{"rendered":"<p>\u00c0 Bressers Law nous disposons d\u2019une \u00e9quipe compos\u00e9e de personnes de diff\u00e9rentes nationalit\u00e9s form\u00e9e principalement de dipl\u00f4m\u00e9s en Droit, mais aussi en \u00e9conomie, en gestion et direction d\u2019entreprises et en communication, afin de r\u00e9pondre\u00a0 \u00e0 nos clients de la mani\u00e8re la plus compl\u00e8te possible. De plus, tous nos professionnels ont une exp\u00e9rience professionnelle \u00e0 l\u2019\u00e9tranger [&hellip;]<\/p>\n","protected":false},"author":1,"featured_media":2626,"parent":0,"menu_order":0,"comment_status":"closed","ping_status":"closed","template":"Equipo-template.php","meta":{"footnotes":""},"class_list":["post-2243","page","type-page","status-publish","has-post-thumbnail","hentry"],"_links":{"self":[{"href":"https:\/\/www.bresserslaw.com\/fr\/wp-json\/wp\/v2\/pages\/2243","targetHints":{"allow":["GET"]}}],"collection":[{"href":"https:\/\/www.bresserslaw.com\/fr\/wp-json\/wp\/v2\/pages"}],"about":[{"href":"https:\/\/www.bresserslaw.com\/fr\/wp-json\/wp\/v2\/types\/page"}],"author":[{"embeddable":true,"href":"https:\/\/www.bresserslaw.com\/fr\/wp-json\/wp\/v2\/users\/1"}],"replies":[{"embeddable":true,"href":"https:\/\/www.bresserslaw.com\/fr\/wp-json\/wp\/v2\/comments?post=2243"}],"version-history":[{"count":2,"href":"https:\/\/www.bresserslaw.com\/fr\/wp-json\/wp\/v2\/pages\/2243\/revisions"}],"predecessor-version":[{"id":2890,"href":"https:\/\/www.bresserslaw.com\/fr\/wp-json\/wp\/v2\/pages\/2243\/revisions\/2890"}],"wp:featuredmedia":[{"embeddable":true,"href":"https:\/\/www.bresserslaw.com\/fr\/wp-json\/wp\/v2\/media\/2626"}],"wp:attachment":[{"href":"https:\/\/www.bresserslaw.com\/fr\/wp-json\/wp\/v2\/media?parent=2243"}],"curies":[{"name":"wp","href":"https:\/\/api.w.org\/{rel}","templated":true}]}}