{"id":2237,"date":"2017-01-11T12:41:45","date_gmt":"2017-01-11T12:41:45","guid":{"rendered":"http:\/\/www.bresserslaw.com\/notre-cabinet\/"},"modified":"2023-02-20T17:34:40","modified_gmt":"2023-02-20T17:34:40","slug":"notre-cabinet","status":"publish","type":"page","link":"https:\/\/www.bresserslaw.com\/fr\/notre-cabinet\/","title":{"rendered":"Notre cabinet"},"content":{"rendered":"<p>Notre Associ\u00e9 Fondateur, <strong>Martijn Bressers<\/strong>, est un avocat hollandais passionn\u00e9 par le Droit International. Connaisseur du march\u00e9 europ\u00e9en, Martijn Bressers s\u2019est vite rendu compte qu\u2019il y avait peu d\u2019avocats sp\u00e9cialistes en <strong>Droit International<\/strong> ayant la capacit\u00e9 de repr\u00e9senter ses clients <strong>dans plusieurs juridictions simultan\u00e9ment.<\/strong><\/p>\n<p>C\u2019est apr\u00e8s <strong>avoir travaill\u00e9 pour d\u2019autres cabinets internationaux<\/strong> et avoir appris de ces derniers, que Martijn<strong>Bressers d\u00e9cide, il y a 10 ans, de fonder son propre cabinet<\/strong> ayant son si\u00e8ge \u00e0 <strong>Barcelone<\/strong>. De cette mani\u00e8re, il apporte une r\u00e9ponse aux besoins l\u00e9gaux internationaux des entreprises et des particuliers.<\/p>\n<p>Au d\u00e9part, l\u2019activit\u00e9 de notre cabinet se concentrait sur l\u2019axe <strong>Hollande-Espagne<\/strong>, repr\u00e9sentant les int\u00e9r\u00eats de nos clients dans les deux juridictions. Cependant, rapidement, notre exp\u00e9rience nous a amen\u00e9 \u00e0 \u00e9largir nos comp\u00e9tences et nous pr\u00eatons aujourd\u2019hui nos services juridiques \u00e0 des personnes du monde entier.<\/p>\n","protected":false},"excerpt":{"rendered":"<p>Notre Associ\u00e9 Fondateur, Martijn Bressers, est un avocat hollandais passionn\u00e9 par le Droit International. Connaisseur du march\u00e9 europ\u00e9en, Martijn Bressers s\u2019est vite rendu compte qu\u2019il y avait peu d\u2019avocats sp\u00e9cialistes en Droit International ayant la capacit\u00e9 de repr\u00e9senter ses clients dans plusieurs juridictions simultan\u00e9ment. C\u2019est apr\u00e8s avoir travaill\u00e9 pour d\u2019autres cabinets internationaux et avoir appris [&hellip;]<\/p>\n","protected":false},"author":1,"featured_media":774,"parent":0,"menu_order":0,"comment_status":"closed","ping_status":"closed","template":"lafirma-template.php","meta":{"footnotes":""},"class_list":["post-2237","page","type-page","status-publish","has-post-thumbnail","hentry"],"_links":{"self":[{"href":"https:\/\/www.bresserslaw.com\/fr\/wp-json\/wp\/v2\/pages\/2237","targetHints":{"allow":["GET"]}}],"collection":[{"href":"https:\/\/www.bresserslaw.com\/fr\/wp-json\/wp\/v2\/pages"}],"about":[{"href":"https:\/\/www.bresserslaw.com\/fr\/wp-json\/wp\/v2\/types\/page"}],"author":[{"embeddable":true,"href":"https:\/\/www.bresserslaw.com\/fr\/wp-json\/wp\/v2\/users\/1"}],"replies":[{"embeddable":true,"href":"https:\/\/www.bresserslaw.com\/fr\/wp-json\/wp\/v2\/comments?post=2237"}],"version-history":[{"count":1,"href":"https:\/\/www.bresserslaw.com\/fr\/wp-json\/wp\/v2\/pages\/2237\/revisions"}],"predecessor-version":[{"id":2723,"href":"https:\/\/www.bresserslaw.com\/fr\/wp-json\/wp\/v2\/pages\/2237\/revisions\/2723"}],"wp:featuredmedia":[{"embeddable":true,"href":"https:\/\/www.bresserslaw.com\/fr\/wp-json\/wp\/v2\/media\/774"}],"wp:attachment":[{"href":"https:\/\/www.bresserslaw.com\/fr\/wp-json\/wp\/v2\/media?parent=2237"}],"curies":[{"name":"wp","href":"https:\/\/api.w.org\/{rel}","templated":true}]}}