{"id":1882,"date":"2016-11-21T16:33:38","date_gmt":"2016-11-21T16:33:38","guid":{"rendered":"http:\/\/www.bresserslaw.com\/?page_id=1882"},"modified":"2023-02-13T11:45:08","modified_gmt":"2023-02-13T11:45:08","slug":"home","status":"publish","type":"page","link":"https:\/\/www.bresserslaw.com\/fr\/","title":{"rendered":"Home"},"content":{"rendered":"<div\n    \tclass=\"free align Home_slider_custom wp-block-csb-content-slider-block\"    id='csbContentSlider-1' \n    data-attributes='{&quot;cId&quot;:&quot;88444c5f-1&quot;,&quot;slides&quot;:[{&quot;background&quot;:{&quot;color&quot;:&quot;#00000080&quot;,&quot;type&quot;:&quot;image&quot;,&quot;gradient&quot;:&quot;linear-gradient(135deg, #4527a4, #8344c5)&quot;,&quot;image&quot;:{&quot;id&quot;:761,&quot;url&quot;:&quot;http:\\\/\\\/www.bresserslaw.com\\\/wp-content\\\/uploads\\\/2017\\\/01\\\/HomeBarcelona-539096152_0.jpg&quot;,&quot;alt&quot;:&quot;Contacta con Bressers Law&quot;,&quot;title&quot;:&quot;HomeBarcelona-539096152&quot;},&quot;position&quot;:&quot;center center&quot;,&quot;attachment&quot;:&quot;initial&quot;,&quot;repeat&quot;:&quot;no-repeat&quot;,&quot;size&quot;:&quot;cover&quot;,&quot;overlayColor&quot;:&quot;#000000b3&quot;,&quot;styles&quot;:&quot;background: url(http:\\\/\\\/www.bresserslaw.com\\\/wp-content\\\/uploads\\\/2017\\\/01\\\/HomeBarcelona-539096152_0.jpg); background-position: center center; background-size: cover; background-repeat: no-repeat; background-color: #000000b3; background-blend-mode: overlay;&quot;},&quot;position&quot;:&quot;&quot;,&quot;positionHolder&quot;:&quot;center left&quot;,&quot;childPositions&quot;:[{&quot;top&quot;:29,&quot;left&quot;:5.8},{&quot;top&quot;:45.19230769230769,&quot;left&quot;:5.8},{&quot;top&quot;:56.38461538461539,&quot;left&quot;:5.8},{&quot;left&quot;:5.8,&quot;top&quot;:44},{&quot;left&quot;:5.8,&quot;top&quot;:55}],&quot;title&quot;:&quot;Reciba la atenci\\u00f3n en su propio                                                             idioma&lt;br&gt;                                                      &quot;,&quot;titleColor&quot;:&quot;#fff&quot;,&quot;description&quot;:&quot;Nuestros abogados son de varias nacionalidades y conocen tan\\n                                                            bien el derecho espa\\u00f1ol como el de su pa\\u00eds de origen.&quot;,&quot;descColor&quot;:&quot;#fff&quot;,&quot;btnText&quot;:&quot;Equipo&quot;,&quot;btnLink&quot;:&quot;#&quot;,&quot;btnColors&quot;:{&quot;color&quot;:&quot;#fff&quot;,&quot;bg&quot;:&quot;rgba(247, 142, 30, 1)&quot;,&quot;bgType&quot;:&quot;solid&quot;,&quot;gradient&quot;:&quot;linear-gradient(135deg, #4527a4, #8344c5)&quot;,&quot;styles&quot;:&quot;color: #fff; background: rgba(247, 142, 30, 1);&quot;},&quot;btnHovColors&quot;:{&quot;color&quot;:&quot;#fff&quot;,&quot;bg&quot;:&quot;rgba(130, 69, 196, 0)&quot;,&quot;bgType&quot;:&quot;solid&quot;,&quot;gradient&quot;:&quot;linear-gradient(135deg, #4527a4, #8344c5)&quot;,&quot;styles&quot;:&quot;color: #fff; background: rgba(130, 69, 196, 0);&quot;}},{&quot;background&quot;:{&quot;color&quot;:&quot;#00000080&quot;,&quot;type&quot;:&quot;image&quot;,&quot;gradient&quot;:&quot;linear-gradient(135deg, #4527a4, #8344c5)&quot;,&quot;image&quot;:{&quot;id&quot;:1420,&quot;url&quot;:&quot;http:\\\/\\\/www.bresserslaw.com\\\/wp-content\\\/uploads\\\/2017\\\/01\\\/clientes-internacionales.jpg&quot;,&quot;alt&quot;:&quot;Every year 300 clients put their trust in us&quot;,&quot;title&quot;:&quot;clientes-internacionales&quot;},&quot;position&quot;:&quot;center left&quot;,&quot;attachment&quot;:&quot;initial&quot;,&quot;repeat&quot;:&quot;no-repeat&quot;,&quot;size&quot;:&quot;cover&quot;,&quot;overlayColor&quot;:&quot;#000000b3&quot;,&quot;styles&quot;:&quot;background: url(http:\\\/\\\/www.bresserslaw.com\\\/wp-content\\\/uploads\\\/2017\\\/01\\\/clientes-internacionales.jpg); background-position: center left; background-size: cover; background-repeat: no-repeat; background-color: #000000b3; background-blend-mode: overlay;&quot;},&quot;position&quot;:&quot;&quot;,&quot;positionHolder&quot;:&quot;center left&quot;,&quot;childPositions&quot;:[{&quot;top&quot;:24,&quot;left&quot;:5.8},{&quot;top&quot;:45.19230769230769,&quot;left&quot;:5.8},{&quot;top&quot;:56.57692307692308,&quot;left&quot;:5.8}],&quot;title&quot;:&quot;M\\u00e1s de 300 clientes internacionales al                                                             a\\u00f1o conf\\u00edan en nosotros&quot;,&quot;titleColor&quot;:&quot;#fff&quot;,&quot;description&quot;:&quot;Nuestro m\\u00e9todo se basa en la m\\u00e1xima calidad t\\u00e9cnica, la\\n                                                            eficacia y la orientaci\\u00f3n al cliente.&quot;,&quot;descColor&quot;:&quot;#fff&quot;,&quot;btnText&quot;:&quot;Servicios&quot;,&quot;btnLink&quot;:&quot;#&quot;,&quot;btnColors&quot;:{&quot;color&quot;:&quot;#fff&quot;,&quot;bg&quot;:&quot;#4527a4&quot;,&quot;bgType&quot;:&quot;solid&quot;,&quot;gradient&quot;:&quot;linear-gradient(135deg, #4527a4, #8344c5)&quot;,&quot;styles&quot;:&quot;color: #fff; background: #4527a4;&quot;},&quot;btnHovColors&quot;:{&quot;color&quot;:&quot;#fff&quot;,&quot;bg&quot;:&quot;#8344c5&quot;,&quot;bgType&quot;:&quot;solid&quot;,&quot;gradient&quot;:&quot;linear-gradient(135deg, #4527a4, #8344c5)&quot;,&quot;styles&quot;:&quot;color: #fff; background: #8344c5;&quot;}}],&quot;columnGap&quot;:0,&quot;sliderHeight&quot;:&quot;520px&quot;,&quot;isLoop&quot;:false,&quot;isTouchMove&quot;:false,&quot;pageBorder&quot;:{&quot;radius&quot;:&quot;50%&quot;,&quot;width&quot;:&quot;0px&quot;,&quot;style&quot;:&quot;solid&quot;,&quot;color&quot;:&quot;#0000&quot;,&quot;side&quot;:&quot;all&quot;,&quot;styles&quot;:&quot;border-radius: 50%;&quot;},&quot;titleTypo&quot;:{&quot;fontSize&quot;:52,&quot;styles&quot;:&quot;font-family: &#039;Yantramanav&#039;, sans-serif; font-weight: 300; font-size: 52px; line-height: 1em;&quot;,&quot;googleFontLink&quot;:&quot;https:\\\/\\\/fonts.googleapis.com\\\/css2?family=Yantramanav:wght@300&amp;display=swap&quot;,&quot;fontFamily&quot;:&quot;Yantramanav&quot;,&quot;fontCategory&quot;:&quot;sans-serif&quot;,&quot;fontWeight&quot;:300,&quot;fontVariant&quot;:&quot;300&quot;,&quot;lineHeight&quot;:&quot;1em&quot;},&quot;descTypo&quot;:{&quot;fontSize&quot;:18,&quot;styles&quot;:&quot;font-family: &#039;Yantramanav&#039;, sans-serif; font-weight: 300; font-size: 18px; line-height: 1.4em;&quot;,&quot;googleFontLink&quot;:&quot;https:\\\/\\\/fonts.googleapis.com\\\/css2?family=Yantramanav:wght@300&amp;display=swap&quot;,&quot;lineHeight&quot;:&quot;1.4em&quot;,&quot;fontFamily&quot;:&quot;Yantramanav&quot;,&quot;fontCategory&quot;:&quot;sans-serif&quot;,&quot;fontWeight&quot;:300,&quot;fontVariant&quot;:&quot;300&quot;},&quot;btnTypo&quot;:{&quot;fontSize&quot;:16,&quot;styles&quot;:&quot;font-size: 16px; line-height: 135%;&quot;,&quot;googleFontLink&quot;:&quot;&quot;},&quot;btnPadding&quot;:{&quot;vertical&quot;:&quot;12px&quot;,&quot;horizontal&quot;:&quot;35px&quot;,&quot;side&quot;:2,&quot;top&quot;:&quot;0px&quot;,&quot;right&quot;:&quot;0px&quot;,&quot;bottom&quot;:&quot;0px&quot;,&quot;left&quot;:&quot;0px&quot;,&quot;styles&quot;:&quot;12px 35px&quot;},&quot;btnBorder&quot;:{&quot;radius&quot;:&quot;3px&quot;,&quot;width&quot;:&quot;0px&quot;,&quot;style&quot;:&quot;solid&quot;,&quot;color&quot;:&quot;#0000&quot;,&quot;side&quot;:&quot;all&quot;,&quot;styles&quot;:&quot;border-radius: 3px;&quot;},&quot;className&quot;:&quot;Home_slider_custom&quot;,&quot;align&quot;:&quot;&quot;,&quot;columns&quot;:{&quot;desktop&quot;:1,&quot;tablet&quot;:1,&quot;mobile&quot;:1},&quot;sliderWidth&quot;:&quot;100%&quot;,&quot;sliderAlign&quot;:&quot;center&quot;,&quot;speed&quot;:1.5,&quot;isAutoplay&quot;:true,&quot;autoplayOptions&quot;:{&quot;delay&quot;:1.5,&quot;disableOnInteraction&quot;:false,&quot;reverseDirection&quot;:false,&quot;pauseOnMouseEnter&quot;:false,&quot;stopOnLastSlide&quot;:false},&quot;freeModeOptions&quot;:{&quot;enabled&quot;:false,&quot;sticky&quot;:false},&quot;effect&quot;:&quot;slide&quot;,&quot;keyboardOptions&quot;:{&quot;enabled&quot;:false},&quot;isMousewheel&quot;:false,&quot;isPage&quot;:true,&quot;pageOnDevice&quot;:{&quot;tablet&quot;:true,&quot;mobile&quot;:true},&quot;isPageClickable&quot;:true,&quot;isPageDynamic&quot;:true,&quot;isPrevNext&quot;:true,&quot;prevNextOnDevice&quot;:{&quot;tablet&quot;:true,&quot;mobile&quot;:true},&quot;sliderBG&quot;:{&quot;color&quot;:&quot;#0000&quot;},&quot;sliderPadding&quot;:{&quot;vertical&quot;:&quot;0px&quot;,&quot;horizontal&quot;:&quot;0px&quot;},&quot;pageColor&quot;:&quot;#fff&quot;,&quot;pageWidth&quot;:&quot;15px&quot;,&quot;pageHeight&quot;:&quot;15px&quot;,&quot;prevNextColor&quot;:&quot;#fff&quot;,&quot;isTitle&quot;:true,&quot;isDesc&quot;:true,&quot;descColor&quot;:&quot;&quot;,&quot;isBtn&quot;:true,&quot;linkTarget&quot;:&quot;_blank&quot;}'\n><\/div><p>Bressers Law est un cabinet international jouissant d\u2019une grande exp\u00e9rience dans diff\u00e9rentes juridictions et d\u00e9fendant les int\u00e9r\u00eats de nos clients nationaux ou \u00e9trangers. Pour cela, nous disposons d\u2019une \u00e9quipe multidisciplinaire, compos\u00e9e d\u2019avocats et conseillers fiscaux de diff\u00e9rentes nationalit\u00e9s ayant une exp\u00e9rience internationale reconnue.<\/p>\n","protected":false},"excerpt":{"rendered":"<p>Bressers Law est un cabinet international jouissant d\u2019une grande exp\u00e9rience dans diff\u00e9rentes juridictions et d\u00e9fendant les int\u00e9r\u00eats de nos clients nationaux ou \u00e9trangers. Pour cela, nous disposons d\u2019une \u00e9quipe multidisciplinaire, compos\u00e9e d\u2019avocats et conseillers fiscaux de diff\u00e9rentes nationalit\u00e9s ayant une exp\u00e9rience internationale reconnue.<\/p>\n","protected":false},"author":1,"featured_media":0,"parent":0,"menu_order":0,"comment_status":"closed","ping_status":"closed","template":"home-template.php","meta":{"footnotes":""},"class_list":["post-1882","page","type-page","status-publish","hentry"],"_links":{"self":[{"href":"https:\/\/www.bresserslaw.com\/fr\/wp-json\/wp\/v2\/pages\/1882","targetHints":{"allow":["GET"]}}],"collection":[{"href":"https:\/\/www.bresserslaw.com\/fr\/wp-json\/wp\/v2\/pages"}],"about":[{"href":"https:\/\/www.bresserslaw.com\/fr\/wp-json\/wp\/v2\/types\/page"}],"author":[{"embeddable":true,"href":"https:\/\/www.bresserslaw.com\/fr\/wp-json\/wp\/v2\/users\/1"}],"replies":[{"embeddable":true,"href":"https:\/\/www.bresserslaw.com\/fr\/wp-json\/wp\/v2\/comments?post=1882"}],"version-history":[{"count":10,"href":"https:\/\/www.bresserslaw.com\/fr\/wp-json\/wp\/v2\/pages\/1882\/revisions"}],"predecessor-version":[{"id":2037,"href":"https:\/\/www.bresserslaw.com\/fr\/wp-json\/wp\/v2\/pages\/1882\/revisions\/2037"}],"wp:attachment":[{"href":"https:\/\/www.bresserslaw.com\/fr\/wp-json\/wp\/v2\/media?parent=1882"}],"curies":[{"name":"wp","href":"https:\/\/api.w.org\/{rel}","templated":true}]}}