{"id":1814,"date":"2016-11-30T10:05:01","date_gmt":"2016-11-30T10:05:01","guid":{"rendered":"http:\/\/www.bresserslaw.com\/?page_id=1814"},"modified":"2023-02-20T18:18:10","modified_gmt":"2023-02-20T18:18:10","slug":"services","status":"publish","type":"page","link":"https:\/\/www.bresserslaw.com\/fr\/services\/","title":{"rendered":"Services"},"content":{"rendered":"<p>Chaque ann\u00e9e, nous conseillons plus de 300 clients internationaux et nous avons une \u00e9quipe d\u2019avocats qui travaillent avec rigueur, honn\u00eatet\u00e9 et engagement dans chaque affaire. Notre position exceptionnelle en tant que cabinet provient de la complexit\u00e9 des questions auxquelles nous r\u00e9pondons, avec l\u2019application continuelle de diff\u00e9rents syst\u00e8mes l\u00e9gaux, parfois dans la m\u00eame affaire.<\/p>\n","protected":false},"excerpt":{"rendered":"<p>Chaque ann\u00e9e, nous conseillons plus de 300 clients internationaux et nous avons une \u00e9quipe d\u2019avocats qui travaillent avec rigueur, honn\u00eatet\u00e9 et engagement dans chaque affaire. Notre position exceptionnelle en tant que cabinet provient de la complexit\u00e9 des questions auxquelles nous r\u00e9pondons, avec l\u2019application continuelle de diff\u00e9rents syst\u00e8mes l\u00e9gaux, parfois dans la m\u00eame affaire.<\/p>\n","protected":false},"author":1,"featured_media":0,"parent":0,"menu_order":0,"comment_status":"closed","ping_status":"closed","template":"services-main-page-template.php","meta":{"footnotes":""},"class_list":["post-1814","page","type-page","status-publish","hentry"],"_links":{"self":[{"href":"https:\/\/www.bresserslaw.com\/fr\/wp-json\/wp\/v2\/pages\/1814","targetHints":{"allow":["GET"]}}],"collection":[{"href":"https:\/\/www.bresserslaw.com\/fr\/wp-json\/wp\/v2\/pages"}],"about":[{"href":"https:\/\/www.bresserslaw.com\/fr\/wp-json\/wp\/v2\/types\/page"}],"author":[{"embeddable":true,"href":"https:\/\/www.bresserslaw.com\/fr\/wp-json\/wp\/v2\/users\/1"}],"replies":[{"embeddable":true,"href":"https:\/\/www.bresserslaw.com\/fr\/wp-json\/wp\/v2\/comments?post=1814"}],"version-history":[{"count":1,"href":"https:\/\/www.bresserslaw.com\/fr\/wp-json\/wp\/v2\/pages\/1814\/revisions"}],"predecessor-version":[{"id":2728,"href":"https:\/\/www.bresserslaw.com\/fr\/wp-json\/wp\/v2\/pages\/1814\/revisions\/2728"}],"wp:attachment":[{"href":"https:\/\/www.bresserslaw.com\/fr\/wp-json\/wp\/v2\/media?parent=1814"}],"curies":[{"name":"wp","href":"https:\/\/api.w.org\/{rel}","templated":true}]}}