{"id":2841,"date":"2023-02-21T10:24:24","date_gmt":"2023-02-21T10:24:24","guid":{"rendered":"http:\/\/www.bresserslaw.com\/sitemap\/"},"modified":"2023-02-21T10:29:26","modified_gmt":"2023-02-21T10:29:26","slug":"sitemap","status":"publish","type":"page","link":"https:\/\/www.bresserslaw.com\/en\/sitemap\/","title":{"rendered":"Sitemap"},"content":{"rendered":"<div class=\"wsp-container\"><h2 class=\"wsp-pages-title\">Pages<\/h2>\n<ul class=\"wsp-pages-list\">\n<li class=\"page_item page-item-2235\"><a href=\"https:\/\/www.bresserslaw.com\/en\/about-us\/\">About Us<\/a><\/li>\n<li class=\"page_item page-item-1891 current_page_parent\"><a href=\"https:\/\/www.bresserslaw.com\/en\/blog\/\">Blog<\/a><\/li>\n<li class=\"page_item page-item-2817\"><a href=\"https:\/\/www.bresserslaw.com\/en\/reviews\/\">Client testimonials<\/a><\/li>\n<li class=\"page_item page-item-2261\"><a href=\"https:\/\/www.bresserslaw.com\/en\/contact\/\">Contact<\/a><\/li>\n<li class=\"page_item page-item-2670\"><a href=\"https:\/\/www.bresserslaw.com\/en\/cookies-policy\/\">Cookies policy<\/a><\/li>\n<li class=\"page_item page-item-2217 page_item_has_children\"><a href=\"https:\/\/www.bresserslaw.com\/en\/desk\/\">DESK<\/a>\n<ul class='children'>\n\t<li class=\"page_item page-item-2257\"><a href=\"https:\/\/www.bresserslaw.com\/en\/desk\/dutch-lawyers\/\">Dutch Desk<\/a><\/li>\n\t<li class=\"page_item page-item-2258\"><a href=\"https:\/\/www.bresserslaw.com\/en\/desk\/french-desk\/\">French Desk<\/a><\/li>\n<\/ul>\n<\/li>\n<li class=\"page_item page-item-1872\"><a href=\"https:\/\/www.bresserslaw.com\/en\/\">Home<\/a><\/li>\n<li class=\"page_item page-item-2650\"><a href=\"https:\/\/www.bresserslaw.com\/en\/legal-notice\/\">Legal Notice<\/a><\/li>\n<li class=\"page_item page-item-1812 page_item_has_children\"><a href=\"https:\/\/www.bresserslaw.com\/en\/services\/\">Our Services<\/a>\n<ul class='children'>\n\t<li class=\"page_item page-item-2487\"><a href=\"https:\/\/www.bresserslaw.com\/en\/services\/international-private-law\/\">International Private Law<\/a><\/li>\n\t<li class=\"page_item page-item-2515\"><a href=\"https:\/\/www.bresserslaw.com\/en\/services\/industrial-and-intellectual-property-law\/\">Industrial and Intellectual Property Law<\/a><\/li>\n\t<li class=\"page_item page-item-2493\"><a href=\"https:\/\/www.bresserslaw.com\/en\/services\/commercial-and-corporate-law\/\">Commercial And Corporate Law<\/a><\/li>\n\t<li class=\"page_item page-item-1817\"><a href=\"https:\/\/www.bresserslaw.com\/en\/services\/immigration-law\/\">Immigration Law<\/a><\/li>\n\t<li class=\"page_item page-item-2505\"><a href=\"https:\/\/www.bresserslaw.com\/en\/services\/litigation\/\">Litigation<\/a><\/li>\n\t<li class=\"page_item page-item-2572\"><a href=\"https:\/\/www.bresserslaw.com\/en\/services\/labour-law-and-social-security\/\">Labour Law and Social Security<\/a><\/li>\n\t<li class=\"page_item page-item-28\"><a href=\"https:\/\/www.bresserslaw.com\/en\/services\/real-estate-law\/\">Real estate law<\/a><\/li>\n\t<li class=\"page_item page-item-37\"><a href=\"https:\/\/www.bresserslaw.com\/en\/services\/family-and-inheritance-law-inheritances\/\">Family and inheritance law | Inheritances<\/a><\/li>\n\t<li class=\"page_item page-item-2480\"><a href=\"https:\/\/www.bresserslaw.com\/en\/services\/tax-law\/\">Tax law<\/a><\/li>\n\t<li class=\"page_item page-item-2474\"><a href=\"https:\/\/www.bresserslaw.com\/en\/services\/administrative-law\/\">Administrative Law<\/a><\/li>\n\t<li class=\"page_item page-item-2499\"><a href=\"https:\/\/www.bresserslaw.com\/en\/services\/criminal-law\/\">Criminal Law<\/a><\/li>\n<\/ul>\n<\/li>\n<li class=\"page_item page-item-2229\"><a href=\"https:\/\/www.bresserslaw.com\/en\/press-room-page\/\">Press Room<\/a><\/li>\n<li class=\"page_item page-item-760\"><a href=\"https:\/\/www.bresserslaw.com\/en\/privacity-policy\/\">Privacity policy<\/a><\/li>\n<li class=\"page_item page-item-2841\"><a href=\"https:\/\/www.bresserslaw.com\/en\/sitemap\/\">Sitemap<\/a><\/li>\n<li class=\"page_item page-item-2241\"><a href=\"https:\/\/www.bresserslaw.com\/en\/team\/\">Team<\/a><\/li>\n<li class=\"page_item page-item-2640\"><a href=\"https:\/\/www.bresserslaw.com\/en\/work-with-us\/\">Work With Us<\/a><\/li>\n<\/ul>\n<h2 class=\"wsp-equipos-title\">Team<\/h2>\n<ul class=\"wsp-equipos-list\">\n<li><a href=\"https:\/\/www.bresserslaw.com\/en\/team\/ana-maria-perez-gomez\/\">Ana Mar\u00eda P\u00e9rez G\u00f3mez<\/a><\/li>\n<li><a href=\"https:\/\/www.bresserslaw.com\/en\/team\/ainhoa-ros-palacios\/\">Ainhoa Ros Palacios<\/a><\/li>\n<li><a href=\"https:\/\/www.bresserslaw.com\/en\/team\/federica-salatino\/\">Federica Salatino<\/a><\/li>\n<li><a href=\"https:\/\/www.bresserslaw.com\/en\/team\/javier-aguilar-ara\/\">Javier Aguilar Ara<\/a><\/li>\n<li><a href=\"https:\/\/www.bresserslaw.com\/en\/team\/cristina-aguilar-lopez\/\">Cristina Aguilar L\u00f3pez<\/a><\/li>\n<li><a href=\"https:\/\/www.bresserslaw.com\/en\/team\/fahd-feddali\/\">Fahd Feddali<\/a><\/li>\n<li><a href=\"https:\/\/www.bresserslaw.com\/en\/team\/rosa-van-der-lee\/\">Rosa Van der Lee<\/a><\/li>\n<li><a href=\"https:\/\/www.bresserslaw.com\/en\/team\/anne-laure-chamouleau\/\">Anne-Laure Chamouleau<\/a><\/li>\n<li><a href=\"https:\/\/www.bresserslaw.com\/en\/team\/laura-crespo-lorenzo\/\">Laura Crespo Lorenzo<\/a><\/li>\n<li><a href=\"https:\/\/www.bresserslaw.com\/en\/team\/martijn-bressers\/\">Martijn Bressers<\/a><\/li>\n<\/ul>\n<h2 class=\"wsp-keybenefitss-title\">KeyBenefits<\/h2>\n<ul class=\"wsp-keybenefitss-list\">\n<li><a href=\"https:\/\/www.bresserslaw.com\/en\/keybenefits\/more-than-300-international-clients-every-year\/\">More than 300 international clients every year<\/a><\/li>\n<li><a href=\"https:\/\/www.bresserslaw.com\/en\/keybenefits\/international-law-firm-with-more-than-10-years-of-experience\/\">International law firm with more than 20 years of experience<\/a><\/li>\n<li><a href=\"https:\/\/www.bresserslaw.com\/en\/keybenefits\/native-speakers\/\">Native speakers<\/a><\/li>\n<li><a href=\"https:\/\/www.bresserslaw.com\/en\/keybenefits\/solid-and-multidisciplinary-structure\/\">Solid and multidisciplinary structure<\/a><\/li>\n<\/ul>\n<h2 class=\"wsp-medios_de_comunicacis-title\">Medios de comunicaci\u00f3n<\/h2>\n<ul class=\"wsp-medios_de_comunicacis-list\">\n<li><a href=\"https:\/\/www.bresserslaw.com\/en\/medios_de_comunicaci\/el-mundo-2\/\">El Mundo<\/a><\/li>\n<li><a href=\"https:\/\/www.bresserslaw.com\/en\/medios_de_comunicaci\/el-mundo\/\">El Mundo<\/a><\/li>\n<li><a href=\"https:\/\/www.bresserslaw.com\/en\/medios_de_comunicaci\/voetbal-international\/\">Voetbal International<\/a><\/li>\n<li><a href=\"https:\/\/www.bresserslaw.com\/en\/medios_de_comunicaci\/trema\/\">Trema<\/a><\/li>\n<li><a href=\"https:\/\/www.bresserslaw.com\/en\/medios_de_comunicaci\/spits\/\">Spits!<\/a><\/li>\n<li><a href=\"https:\/\/www.bresserslaw.com\/en\/medios_de_comunicaci\/nrc-handelsblad\/\">NRC Handelsblad<\/a><\/li>\n<li><a href=\"https:\/\/www.bresserslaw.com\/en\/medios_de_comunicaci\/notarius\/\">Notarius<\/a><\/li>\n<li><a href=\"https:\/\/www.bresserslaw.com\/en\/medios_de_comunicaci\/mondi\/\">Mondi<\/a><\/li>\n<li><a href=\"https:\/\/www.bresserslaw.com\/en\/medios_de_comunicaci\/juridisch-up-to-date\/\">Juridisch Up To Date<\/a><\/li>\n<li><a href=\"https:\/\/www.bresserslaw.com\/en\/medios_de_comunicaci\/het-financieele-dagblad\/\">Het Financieele Dagblad<\/a><\/li>\n<li><a href=\"https:\/\/www.bresserslaw.com\/en\/medios_de_comunicaci\/fenedexpress\/\">Fenedexpress<\/a><\/li>\n<li><a href=\"https:\/\/www.bresserslaw.com\/en\/medios_de_comunicaci\/de-week\/\">De Week<\/a><\/li>\n<li><a href=\"https:\/\/www.bresserslaw.com\/en\/medios_de_comunicaci\/de-telegraaf\/\">De Telegraaf<\/a><\/li>\n<li><a href=\"https:\/\/www.bresserslaw.com\/en\/medios_de_comunicaci\/uitgeverij-gopher\/\">Uitgeverij Gopher<\/a><\/li>\n<li><a href=\"https:\/\/www.bresserslaw.com\/en\/medios_de_comunicaci\/advocatenblad\/\">Advocatenblad<\/a><\/li>\n<li><a href=\"https:\/\/www.bresserslaw.com\/en\/medios_de_comunicaci\/otro\/\">Otro<\/a><\/li>\n<li><a href=\"https:\/\/www.bresserslaw.com\/en\/medios_de_comunicaci\/bbc\/\">BBC<\/a><\/li>\n<\/ul>\n<h2 class=\"wsp-publicacioness-title\">Press rooms<\/h2>\n<ul class=\"wsp-publicacioness-list\">\n<li><a href=\"https:\/\/www.bresserslaw.com\/en\/press-room\/martijn-bressers-interviewed-on-barcelona-city-fm\/\">Martijn Bressers interviewed on Barcelona City FM<\/a><\/li>\n<li><a href=\"https:\/\/www.bresserslaw.com\/en\/press-room\/jail-sentence-for-barcelona-star\/\">Jail sentence for Barcelona star<\/a><\/li>\n<li><a href=\"https:\/\/www.bresserslaw.com\/en\/press-room\/spanje-kent-geen-deurwaarders\/\">Spanje kent geen deurwaarders<\/a><\/li>\n<li><a href=\"https:\/\/www.bresserslaw.com\/en\/press-room\/met-het-voetbal-zelf-is-niets-mis\/\">Met het voetbal zelf is niets mis<\/a><\/li>\n<li><a href=\"https:\/\/www.bresserslaw.com\/en\/press-room\/spanje-pakt-achterstanden-op-rechtbanken-aan\/\">Spanje pakt achterstanden op rechtbanken aan<\/a><\/li>\n<li><a href=\"https:\/\/www.bresserslaw.com\/en\/press-room\/spanje-weet-huizencrisis-nog-niet-te-bezweren\/\">Spanje weet huizencrisis nog niet te bezweren<\/a><\/li>\n<li><a href=\"https:\/\/www.bresserslaw.com\/en\/press-room\/spaanse-inkeerregeling\/\">Spaanse inkeerregeling<\/a><\/li>\n<li><a href=\"https:\/\/www.bresserslaw.com\/en\/press-room\/spaans-verbod-op-grote-cashbetalingen\/\">Spaans verbod op grote cashbetalingen<\/a><\/li>\n<li><a href=\"https:\/\/www.bresserslaw.com\/en\/press-room\/spaans-erfrecht-let-op-de-belangen-van-uw-echtgenoot\/\">Spaans erfrecht: let op de belangen van uw echtgenoot<\/a><\/li>\n<li><a href=\"https:\/\/www.bresserslaw.com\/en\/press-room\/financiele-afwikkeling-aankoop-woning-spanje\/\">Financi\u00eble afwikkeling aankoop woning Spanje<\/a><\/li>\n<li><a href=\"https:\/\/www.bresserslaw.com\/en\/press-room\/hof-in-spanje-legt-bom-onder-huizenmarkt\/\">Hof in Spanje legt bom onder huizenmarkt<\/a><\/li>\n<li><a href=\"https:\/\/www.bresserslaw.com\/en\/press-room\/hoop-voor-spaanse-huizenbezitters-met-hoge-hypotheekschuld\/\">Hoop voor Spaanse huizenbezitters met hoge hypotheekschuld?<\/a><\/li>\n<li><a href=\"https:\/\/www.bresserslaw.com\/en\/press-room\/wijziging-statutaire-zetel\/\">Wijziging statutaire zetel<\/a><\/li>\n<li><a href=\"https:\/\/www.bresserslaw.com\/en\/press-room\/de-zaak-tegen-balthazar-garzon\/\">De zaak tegen Balthazar Garz\u00f3n<\/a><\/li>\n<li><a href=\"https:\/\/www.bresserslaw.com\/en\/press-room\/spanje-voert-nieuwe-btw-tarieven-in\/\">Spanje voert nieuwe BTW-tarieven in<\/a><\/li>\n<li><a href=\"https:\/\/www.bresserslaw.com\/en\/press-room\/verbetering-incassoregeling-spanje\/\">Verbetering incassoregeling Spanje<\/a><\/li>\n<li><a href=\"https:\/\/www.bresserslaw.com\/en\/press-room\/aansprakelijkheid-van-de-bestuurder\/\">Aansprakelijkheid van de bestuurder<\/a><\/li>\n<li><a href=\"https:\/\/www.bresserslaw.com\/en\/press-room\/opleidingsvergoeding-jeugdige-profvoetballers-in-strijd-met-europees-recht\/\">Opleidingsvergoeding jeugdige profvoetballers in strijd met Europees Recht?<\/a><\/li>\n<li><a href=\"https:\/\/www.bresserslaw.com\/en\/press-room\/beslaglegging-in-spanje\/\">Beslaglegging in Spanje<\/a><\/li>\n<li><a href=\"https:\/\/www.bresserslaw.com\/en\/press-room\/veroordeling-in-conflict-spaanse-voetbalrechten\/\">Veroordeling in conflict Spaanse voetbalrechten<\/a><\/li>\n<li><a href=\"https:\/\/www.bresserslaw.com\/en\/press-room\/tips-voor-buitenlandse-notarissen-2\/\">Tips voor buitenlandse notarissen<\/a><\/li>\n<li><a href=\"https:\/\/www.bresserslaw.com\/en\/press-room\/tips-voor-buitenlandse-notarissen\/\">Tips voor buitenlandse notarissen<\/a><\/li>\n<li><a href=\"https:\/\/www.bresserslaw.com\/en\/press-room\/madrid-snijdt-in-fiscaal-voetbalparadijs\/\">Madrid snijdt in fiscaal voetbalparadijs<\/a><\/li>\n<li><a href=\"https:\/\/www.bresserslaw.com\/en\/press-room\/wanbetaler-zet-huis-op-naam-van-zijn-zoon\/\">Wanbetaler zet huis op naam van zijn zoon<\/a><\/li>\n<li><a href=\"https:\/\/www.bresserslaw.com\/en\/press-room\/eu-treedt-op-tegen-hoge-roamingtarieven\/\">EU treedt op tegen hoge roamingtarieven<\/a><\/li>\n<li><a href=\"https:\/\/www.bresserslaw.com\/en\/press-room\/einde-gibraltar-als-belastingparadijs-in-zicht\/\">Einde Gibraltar als belastingparadijs in zicht<\/a><\/li>\n<li><a href=\"https:\/\/www.bresserslaw.com\/en\/press-room\/nederlandse-fiscus-mag-pensionados-niet-belasten\/\">Nederlandse fiscus mag \"pensionados\" niet belasten<\/a><\/li>\n<li><a href=\"https:\/\/www.bresserslaw.com\/en\/press-room\/beeldrechten-in-de-sport\/\">Beeldrechten in de sport<\/a><\/li>\n<li><a href=\"https:\/\/www.bresserslaw.com\/en\/press-room\/honderden-gedupeerden-tribu\/\">Honderden gedupeerden Tribu<\/a><\/li>\n<li><a href=\"https:\/\/www.bresserslaw.com\/en\/press-room\/spaanse-voetbalrechten\/\">Spaanse voetbalrechten<\/a><\/li>\n<li><a href=\"https:\/\/www.bresserslaw.com\/en\/press-room\/spaanse-huizenmarkt-nekt-nederlanders\/\">Spaanse huizenmarkt nekt Nederlanders<\/a><\/li>\n<li><a href=\"https:\/\/www.bresserslaw.com\/en\/press-room\/jaren-wachten-op-een-uitspraak-van-de-rechter\/\">Jaren wachten op een uitspraak van de rechter<\/a><\/li>\n<li><a href=\"https:\/\/www.bresserslaw.com\/en\/press-room\/belastingvoordeel-voor-spaans-ingezetenen-i\/\">Belastingvoordeel voor Spaans ingezetenen (I)<\/a><\/li>\n<li><a href=\"https:\/\/www.bresserslaw.com\/en\/press-room\/belastingvoordeel-voor-spaans-ingezetenen-ii\/\">Belastingvoordeel voor Spaans ingezetenen (II)<\/a><\/li>\n<li><a href=\"https:\/\/www.bresserslaw.com\/en\/press-room\/spanje-schrapt-ouderlijke-draai-om-de-oren\/\">Spanje schrapt ouderlijke 'draai om de oren'<\/a><\/li>\n<li><a href=\"https:\/\/www.bresserslaw.com\/en\/press-room\/staking-rechtbankpersoneel\/\">Staking rechtbankpersoneel<\/a><\/li>\n<li><a href=\"https:\/\/www.bresserslaw.com\/en\/press-room\/internetgebruik-op-het-werk\/\">Internetgebruik op het werk<\/a><\/li>\n<\/ul>\n<h2 class=\"wsp-sitios_asociadoss-title\">Sitios Asociados<\/h2>\n<ul class=\"wsp-sitios_asociadoss-list\">\n<li><a href=\"https:\/\/www.bresserslaw.com\/en\/sitios_asociados\/le-courrier-2\/\">Le Courrier<\/a><\/li>\n<li><a href=\"https:\/\/www.bresserslaw.com\/en\/sitios_asociados\/camera-italiana-barcelona\/\">Camera Italiana Barcelona<\/a><\/li>\n<li><a href=\"https:\/\/www.bresserslaw.com\/en\/sitios_asociados\/british-chamber-spain\/\">British Chamber Spain<\/a><\/li>\n<\/ul>\n<h2 class=\"wsp-slides-title\">Slide<\/h2>\n<ul class=\"wsp-slides-list\">\n<li><a href=\"https:\/\/www.bresserslaw.com\/en\/slide\/legal-service-in-your-own-language\/\">Legal service in your own language<\/a><\/li>\n<li><a href=\"https:\/\/www.bresserslaw.com\/en\/slide\/every-year-300-clients-put-their-trust-in-us\/\">Every year 300 clients put their trust in us<\/a><\/li>\n<li><a href=\"https:\/\/www.bresserslaw.com\/en\/slide\/we-are-an-international-law-firm-with-more-than-10-years-of-experience\/\">We are an international law firm with more than 10 years of experience<\/a><\/li>\n<\/ul>\n<h2 class=\"wsp-testimonioss-title\">Reviews<\/h2>\n<ul class=\"wsp-testimonioss-list\">\n<li><a href=\"https:\/\/www.bresserslaw.com\/en\/reviews\/th-smeets\/\">Th. Smeets<\/a><\/li>\n<li><a href=\"https:\/\/www.bresserslaw.com\/en\/reviews\/vista-bella-properties-services-s-l\/\">Vista Bella Properties &amp; Services S.L.<\/a><\/li>\n<li><a href=\"https:\/\/www.bresserslaw.com\/en\/reviews\/de-bruin-trading-b-v-2\/\">De Bruin Trading B.V.<\/a><\/li>\n<li><a href=\"https:\/\/www.bresserslaw.com\/en\/reviews\/campolanda-s-l\/\">Campolanda S.L.<\/a><\/li>\n<li><a href=\"https:\/\/www.bresserslaw.com\/en\/reviews\/special-fruits-n-v\/\">Special Fruits N.V.<\/a><\/li>\n<li><a href=\"https:\/\/www.bresserslaw.com\/en\/reviews\/confort-villa\/\">Confort Villa<\/a><\/li>\n<li><a href=\"https:\/\/www.bresserslaw.com\/en\/reviews\/mariette-henri-van-gelder\/\">Mari\u00ebtte &amp; Henri van Gelder<\/a><\/li>\n<\/ul>\n<h2 class=\"wsp-sala-de-prensas-title\">Categor&iacute;as de Sala de Prensa<\/h2>\n<ul class=\"wsp-sala-de-prensas-list\">\n<li><a href=\"https:\/\/www.bresserslaw.com\/en\/press-rooms\/bresserslaw-media\/\">Bresserslaw in the media<\/a><\/li>\n<li><a href=\"https:\/\/www.bresserslaw.com\/en\/press-rooms\/publications\/\">Publications<\/a><\/li>\n<\/ul>\n<\/div>\n","protected":false},"excerpt":{"rendered":"","protected":false},"author":1,"featured_media":0,"parent":0,"menu_order":0,"comment_status":"closed","ping_status":"closed","template":"","meta":{"footnotes":""},"class_list":["post-2841","page","type-page","status-publish","hentry"],"_links":{"self":[{"href":"https:\/\/www.bresserslaw.com\/en\/wp-json\/wp\/v2\/pages\/2841","targetHints":{"allow":["GET"]}}],"collection":[{"href":"https:\/\/www.bresserslaw.com\/en\/wp-json\/wp\/v2\/pages"}],"about":[{"href":"https:\/\/www.bresserslaw.com\/en\/wp-json\/wp\/v2\/types\/page"}],"author":[{"embeddable":true,"href":"https:\/\/www.bresserslaw.com\/en\/wp-json\/wp\/v2\/users\/1"}],"replies":[{"embeddable":true,"href":"https:\/\/www.bresserslaw.com\/en\/wp-json\/wp\/v2\/comments?post=2841"}],"version-history":[{"count":2,"href":"https:\/\/www.bresserslaw.com\/en\/wp-json\/wp\/v2\/pages\/2841\/revisions"}],"predecessor-version":[{"id":2850,"href":"https:\/\/www.bresserslaw.com\/en\/wp-json\/wp\/v2\/pages\/2841\/revisions\/2850"}],"wp:attachment":[{"href":"https:\/\/www.bresserslaw.com\/en\/wp-json\/wp\/v2\/media?parent=2841"}],"curies":[{"name":"wp","href":"https:\/\/api.w.org\/{rel}","templated":true}]}}