{"id":2235,"date":"2017-01-11T12:41:45","date_gmt":"2017-01-11T12:41:45","guid":{"rendered":"http:\/\/www.bresserslaw.com\/about-us\/"},"modified":"2023-02-28T15:36:38","modified_gmt":"2023-02-28T15:36:38","slug":"about-us","status":"publish","type":"page","link":"https:\/\/www.bresserslaw.com\/en\/about-us\/","title":{"rendered":"About Us"},"content":{"rendered":"<p>Our founding partner, <strong>Martijn Bressers<\/strong>, is a Dutch solicitor with a great passion for International law. As an expert in the European legal market, Bressers soon realized that there were hardly any law firms specializing in <strong>International law<\/strong> with the capability of <strong>representing their clients in various jurisdictions.<\/strong><\/p>\n<p>That\u2019s why <strong>already 20 years ago<\/strong> and with his experience gained through a variety of other law firms, <strong>Bressers decided to found his own firm<\/strong>, with head office in <strong>Barcelona<\/strong>, in order to meet the needs of companies and private individuals in need of advice in international legal matters.<\/p>\n<p>The firm\u00b4s services initially focused in the axis The <strong>Netherlands-Spain<\/strong>, representing the interests of our clients in both jurisdictions. However, strong market demands led us to expand our firm which is why today we are providing legal services to people and entities from all around the world.&nbsp;fronteras y hoy ya <strong>operamos con todas las garant\u00edas y exigencias de calidad de Bressers Law en Holanda,&nbsp;Francia, Espa\u00f1a, B\u00e9lgica e Italia.<\/strong><\/p>\n","protected":false},"excerpt":{"rendered":"<p>Our founding partner, Martijn Bressers, is a Dutch solicitor with a great passion for International law. As an expert in the European legal market, Bressers soon realized that there were hardly any law firms specializing in International law with the capability of representing their clients in various jurisdictions. That\u2019s why already 20 years ago and [&hellip;]<\/p>\n","protected":false},"author":1,"featured_media":773,"parent":0,"menu_order":0,"comment_status":"closed","ping_status":"closed","template":"lafirma-template.php","meta":{"footnotes":""},"class_list":["post-2235","page","type-page","status-publish","has-post-thumbnail","hentry"],"_links":{"self":[{"href":"https:\/\/www.bresserslaw.com\/en\/wp-json\/wp\/v2\/pages\/2235","targetHints":{"allow":["GET"]}}],"collection":[{"href":"https:\/\/www.bresserslaw.com\/en\/wp-json\/wp\/v2\/pages"}],"about":[{"href":"https:\/\/www.bresserslaw.com\/en\/wp-json\/wp\/v2\/types\/page"}],"author":[{"embeddable":true,"href":"https:\/\/www.bresserslaw.com\/en\/wp-json\/wp\/v2\/users\/1"}],"replies":[{"embeddable":true,"href":"https:\/\/www.bresserslaw.com\/en\/wp-json\/wp\/v2\/comments?post=2235"}],"version-history":[{"count":2,"href":"https:\/\/www.bresserslaw.com\/en\/wp-json\/wp\/v2\/pages\/2235\/revisions"}],"predecessor-version":[{"id":3074,"href":"https:\/\/www.bresserslaw.com\/en\/wp-json\/wp\/v2\/pages\/2235\/revisions\/3074"}],"wp:featuredmedia":[{"embeddable":true,"href":"https:\/\/www.bresserslaw.com\/en\/wp-json\/wp\/v2\/media\/773"}],"wp:attachment":[{"href":"https:\/\/www.bresserslaw.com\/en\/wp-json\/wp\/v2\/media?parent=2235"}],"curies":[{"name":"wp","href":"https:\/\/api.w.org\/{rel}","templated":true}]}}